{"id":10,"date":"2019-05-22T13:30:50","date_gmt":"2019-05-22T16:30:50","guid":{"rendered":"http:\/\/nalataconsultoria.com.br\/?page_id=10"},"modified":"2020-03-20T14:13:36","modified_gmt":"2020-03-20T17:13:36","slug":"institucional","status":"publish","type":"page","link":"https:\/\/nalataconsultoria.com.br\/index.php\/institucional\/","title":{"rendered":"Institucional"},"content":{"rendered":"\t\t<div data-elementor-type=\"wp-page\" data-elementor-id=\"10\" class=\"elementor elementor-10\" data-elementor-settings=\"[]\">\n\t\t\t<div class=\"elementor-inner\">\n\t\t\t\t<div class=\"elementor-section-wrap\">\n\t\t\t\t\t\t\t<section class=\"elementor-element elementor-element-764986a elementor-section-boxed elementor-section-height-default elementor-section-height-default elementor-section elementor-top-section\" data-id=\"764986a\" data-element_type=\"section\">\n\t\t\t\t\t\t<div class=\"elementor-container elementor-column-gap-default\">\n\t\t\t\t<div class=\"elementor-row\">\n\t\t\t\t<div class=\"elementor-element elementor-element-3a92114 elementor-column elementor-col-100 elementor-top-column\" data-id=\"3a92114\" data-element_type=\"column\">\n\t\t\t<div class=\"elementor-column-wrap  elementor-element-populated\">\n\t\t\t\t\t<div class=\"elementor-widget-wrap\">\n\t\t\t\t<div class=\"elementor-element elementor-element-3206e6c elementor-widget elementor-widget-spacer\" data-id=\"3206e6c\" data-element_type=\"widget\" data-widget_type=\"spacer.default\">\n\t\t\t\t<div class=\"elementor-widget-container\">\n\t\t\t\t\t<div class=\"elementor-spacer\">\n\t\t\t<div class=\"elementor-spacer-inner\"><\/div>\n\t\t<\/div>\n\t\t\t\t<\/div>\n\t\t\t\t<\/div>\n\t\t\t\t<div class=\"elementor-element elementor-element-16f698b elementor-invisible elementor-widget elementor-widget-heading\" data-id=\"16f698b\" data-element_type=\"widget\" data-settings=\"{&quot;_animation&quot;:&quot;fadeInLeft&quot;}\" data-widget_type=\"heading.default\">\n\t\t\t\t<div class=\"elementor-widget-container\">\n\t\t\t<h2 class=\"elementor-heading-title elementor-size-default\"><span style=\"color: rgb(134, 135, 136); font-family: &quot;Open Sans&quot;; font-size: 28px; font-style: normal; font-variant-ligatures: normal; font-variant-caps: normal; font-weight: 400; letter-spacing: -0.4px; white-space: normal;\">H\u00e1 mais de 10 anos melhorando o desempenho de empresas<\/span><br style=\"color: rgb(134, 135, 136); font-family: &quot;Open Sans&quot;; font-size: 28px; font-weight: 400; letter-spacing: -0.4px; white-space: normal;\"><span style=\"color: rgb(134, 135, 136); font-family: &quot;Open Sans&quot;; font-size: 28px; font-style: normal; font-variant-ligatures: normal; font-variant-caps: normal; font-weight: 400; letter-spacing: -0.4px; white-space: normal;\">e construindo rela\u00e7\u00f5es de confian\u00e7a com o mercado.<\/span><\/h2>\t\t<\/div>\n\t\t\t\t<\/div>\n\t\t\t\t\t\t<\/div>\n\t\t\t<\/div>\n\t\t<\/div>\n\t\t\t\t\t\t<\/div>\n\t\t\t<\/div>\n\t\t<\/section>\n\t\t\t\t<section class=\"elementor-element elementor-element-dd9ea1b elementor-section-boxed elementor-section-height-default elementor-section-height-default elementor-section elementor-top-section\" data-id=\"dd9ea1b\" data-element_type=\"section\">\n\t\t\t\t\t\t<div class=\"elementor-container elementor-column-gap-default\">\n\t\t\t\t<div class=\"elementor-row\">\n\t\t\t\t<div class=\"elementor-element elementor-element-e102085 elementor-column elementor-col-100 elementor-top-column\" data-id=\"e102085\" data-element_type=\"column\">\n\t\t\t<div class=\"elementor-column-wrap  elementor-element-populated\">\n\t\t\t\t\t<div class=\"elementor-widget-wrap\">\n\t\t\t\t<div class=\"elementor-element elementor-element-425d81a elementor-widget elementor-widget-spacer\" data-id=\"425d81a\" data-element_type=\"widget\" data-widget_type=\"spacer.default\">\n\t\t\t\t<div class=\"elementor-widget-container\">\n\t\t\t\t\t<div class=\"elementor-spacer\">\n\t\t\t<div class=\"elementor-spacer-inner\"><\/div>\n\t\t<\/div>\n\t\t\t\t<\/div>\n\t\t\t\t<\/div>\n\t\t\t\t<div class=\"elementor-element elementor-element-7149ea9 elementor-invisible elementor-widget elementor-widget-text-editor\" data-id=\"7149ea9\" data-element_type=\"widget\" data-settings=\"{&quot;_animation&quot;:&quot;zoomIn&quot;}\" data-widget_type=\"text-editor.default\">\n\t\t\t\t<div class=\"elementor-widget-container\">\n\t\t\t\t\t<div class=\"elementor-text-editor elementor-clearfix\"><p>O <strong>Grupo Na Lata<\/strong> \u00e9 uma empresa de consultoria que desenvolve projetos nas \u00e1reas de marketing, comunica\u00e7\u00e3o, comunica\u00e7\u00e3o e intelig\u00eancia competitiva.<br \/><br \/>Com mais de 10 anos de exist\u00eancia e atua\u00e7\u00e3o em todo o Brasil, temos atendido empresas de portes, culturas e segmentos de mercado muito diversos, o que nos capacitou, ao longo destes anos, a desenvolver uma vis\u00e3o ampla, criativa e uma experi\u00eancia profunda em mercados de bens industriais, bens de consumo, servi\u00e7os e com\u00e9rcio.<br \/><br \/>Nos projetos que desenvolvemos, temos como objetivo a entrega de resultados percept\u00edveis pelos clientes, poss\u00edveis de serem avaliados porque nosso principal tra\u00e7o de personalidade \u00e9 a\u00a0 praticidade da abordagem e o acompanhamento e suporte \u00e0 empresa durante todo o desenvolvimento dos trabalhos.<br \/><br \/><strong>Acreditamos em consultoria aplicada \u00e0 pr\u00e1tica empresarial. Esse \u00e9 o nosso DNA.<\/strong><\/p><\/div>\n\t\t\t\t<\/div>\n\t\t\t\t<\/div>\n\t\t\t\t<div class=\"elementor-element elementor-element-bbbaf3f elementor-widget elementor-widget-divider\" data-id=\"bbbaf3f\" data-element_type=\"widget\" data-widget_type=\"divider.default\">\n\t\t\t\t<div class=\"elementor-widget-container\">\n\t\t\t\t\t<div class=\"elementor-divider\">\n\t\t\t<span class=\"elementor-divider-separator\">\n\t\t\t\t\t\t<\/span>\n\t\t<\/div>\n\t\t\t\t<\/div>\n\t\t\t\t<\/div>\n\t\t\t\t\t\t<\/div>\n\t\t\t<\/div>\n\t\t<\/div>\n\t\t\t\t\t\t<\/div>\n\t\t\t<\/div>\n\t\t<\/section>\n\t\t\t\t<section class=\"elementor-element elementor-element-2c98af3 elementor-section-boxed elementor-section-height-default elementor-section-height-default elementor-section elementor-top-section\" data-id=\"2c98af3\" data-element_type=\"section\" data-settings=\"{&quot;background_background&quot;:&quot;classic&quot;}\">\n\t\t\t\t\t\t<div class=\"elementor-container elementor-column-gap-default\">\n\t\t\t\t<div class=\"elementor-row\">\n\t\t\t\t<div class=\"elementor-element elementor-element-cf6cd7c elementor-column elementor-col-50 elementor-top-column\" data-id=\"cf6cd7c\" data-element_type=\"column\">\n\t\t\t<div class=\"elementor-column-wrap  elementor-element-populated\">\n\t\t\t\t\t<div class=\"elementor-widget-wrap\">\n\t\t\t\t<div class=\"elementor-element elementor-element-f944ea1 elementor-widget__width-initial elementor-invisible elementor-widget elementor-widget-image\" data-id=\"f944ea1\" data-element_type=\"widget\" data-settings=\"{&quot;_animation&quot;:&quot;slideInDown&quot;}\" data-widget_type=\"image.default\">\n\t\t\t\t<div class=\"elementor-widget-container\">\n\t\t\t\t\t<div class=\"elementor-image\">\n\t\t\t\t\t\t\t\t\t\t<img loading=\"lazy\" decoding=\"async\" width=\"300\" height=\"300\" src=\"https:\/\/nalataconsultoria.com.br\/wp-content\/uploads\/2020\/03\/fran-300x300.jpg\" class=\"attachment-medium size-medium\" alt=\"\" srcset=\"https:\/\/nalataconsultoria.com.br\/wp-content\/uploads\/2020\/03\/fran.jpg 300w, https:\/\/nalataconsultoria.com.br\/wp-content\/uploads\/2020\/03\/fran-150x150.jpg 150w, https:\/\/nalataconsultoria.com.br\/wp-content\/uploads\/2020\/03\/fran-768x768.jpg 768w, https:\/\/nalataconsultoria.com.br\/wp-content\/uploads\/2020\/03\/fran-570x570.jpg 570w, https:\/\/nalataconsultoria.com.br\/wp-content\/uploads\/2020\/03\/fran-266x266.jpg 266w\" sizes=\"auto, (max-width: 300px) 100vw, 300px\" \/>\t\t\t\t\t\t\t\t\t\t\t<\/div>\n\t\t\t\t<\/div>\n\t\t\t\t<\/div>\n\t\t\t\t\t\t<\/div>\n\t\t\t<\/div>\n\t\t<\/div>\n\t\t\t\t<div class=\"elementor-element elementor-element-439607e elementor-column elementor-col-50 elementor-top-column\" data-id=\"439607e\" data-element_type=\"column\">\n\t\t\t<div class=\"elementor-column-wrap  elementor-element-populated\">\n\t\t\t\t\t<div class=\"elementor-widget-wrap\">\n\t\t\t\t<div class=\"elementor-element elementor-element-aade1e1 elementor-widget elementor-widget-text-editor\" data-id=\"aade1e1\" data-element_type=\"widget\" data-widget_type=\"text-editor.default\">\n\t\t\t\t<div class=\"elementor-widget-container\">\n\t\t\t\t\t<div class=\"elementor-text-editor elementor-clearfix\"><p><strong>Fran D\u00b4Amico &#8211; CEO e Diretora de Marketing<\/strong><\/p><p>Como CEO e Fundadora, ela \u00e9 respons\u00e1vel por determinar a dire\u00e7\u00e3o estrat\u00e9gica da empresa e garantir que os objetivos sejam implementados por meio de etapas funcionais. Al\u00e9m disso, assume o comando na cria\u00e7\u00e3o\u00a0 organizacional. Como Diretora de Marketing, \u00e9 respons\u00e1vel por implementar\u00a0 o Marketing Estrat\u00e9gico, Marketing Operacional, Marketing Digital e Endomarketing. Est\u00e1 sempre voltada para as a\u00e7\u00f5es dentro das empresas, com o objetivo de melhorar a compreens\u00e3o e o engajamento dos colaboradores\/clientes.<\/p><\/div>\n\t\t\t\t<\/div>\n\t\t\t\t<\/div>\n\t\t\t\t\t\t<\/div>\n\t\t\t<\/div>\n\t\t<\/div>\n\t\t\t\t\t\t<\/div>\n\t\t\t<\/div>\n\t\t<\/section>\n\t\t\t\t<section class=\"elementor-element elementor-element-54ef446 elementor-section-boxed elementor-section-height-default elementor-section-height-default elementor-section elementor-top-section\" data-id=\"54ef446\" data-element_type=\"section\">\n\t\t\t\t\t\t<div class=\"elementor-container elementor-column-gap-default\">\n\t\t\t\t<div class=\"elementor-row\">\n\t\t\t\t<div class=\"elementor-element elementor-element-2274387 elementor-column elementor-col-100 elementor-top-column\" data-id=\"2274387\" data-element_type=\"column\">\n\t\t\t<div class=\"elementor-column-wrap  elementor-element-populated\">\n\t\t\t\t\t<div class=\"elementor-widget-wrap\">\n\t\t\t\t<div class=\"elementor-element elementor-element-875857e elementor-widget elementor-widget-divider\" data-id=\"875857e\" data-element_type=\"widget\" data-widget_type=\"divider.default\">\n\t\t\t\t<div class=\"elementor-widget-container\">\n\t\t\t\t\t<div class=\"elementor-divider\">\n\t\t\t<span class=\"elementor-divider-separator\">\n\t\t\t\t\t\t<\/span>\n\t\t<\/div>\n\t\t\t\t<\/div>\n\t\t\t\t<\/div>\n\t\t\t\t\t\t<\/div>\n\t\t\t<\/div>\n\t\t<\/div>\n\t\t\t\t\t\t<\/div>\n\t\t\t<\/div>\n\t\t<\/section>\n\t\t\t\t<section class=\"elementor-element elementor-element-4ede27e elementor-section-boxed elementor-section-height-default elementor-section-height-default elementor-section elementor-top-section\" data-id=\"4ede27e\" data-element_type=\"section\">\n\t\t\t\t\t\t<div class=\"elementor-container elementor-column-gap-default\">\n\t\t\t\t<div class=\"elementor-row\">\n\t\t\t\t<div class=\"elementor-element elementor-element-2bfe2ee elementor-column elementor-col-50 elementor-top-column\" data-id=\"2bfe2ee\" data-element_type=\"column\">\n\t\t\t<div class=\"elementor-column-wrap  elementor-element-populated\">\n\t\t\t\t\t<div class=\"elementor-widget-wrap\">\n\t\t\t\t<div class=\"elementor-element elementor-element-2298da8 elementor-widget__width-initial elementor-invisible elementor-widget elementor-widget-image\" data-id=\"2298da8\" data-element_type=\"widget\" data-settings=\"{&quot;_animation&quot;:&quot;slideInDown&quot;}\" data-widget_type=\"image.default\">\n\t\t\t\t<div class=\"elementor-widget-container\">\n\t\t\t\t\t<div class=\"elementor-image\">\n\t\t\t\t\t\t\t\t\t\t<img loading=\"lazy\" decoding=\"async\" width=\"300\" height=\"300\" src=\"https:\/\/nalataconsultoria.com.br\/wp-content\/uploads\/2020\/03\/gabriel-300x300.jpg\" class=\"attachment-medium size-medium\" alt=\"\" srcset=\"https:\/\/nalataconsultoria.com.br\/wp-content\/uploads\/2020\/03\/gabriel.jpg 300w, https:\/\/nalataconsultoria.com.br\/wp-content\/uploads\/2020\/03\/gabriel-150x150.jpg 150w, https:\/\/nalataconsultoria.com.br\/wp-content\/uploads\/2020\/03\/gabriel-768x768.jpg 768w, https:\/\/nalataconsultoria.com.br\/wp-content\/uploads\/2020\/03\/gabriel-570x570.jpg 570w\" sizes=\"auto, (max-width: 300px) 100vw, 300px\" \/>\t\t\t\t\t\t\t\t\t\t\t<\/div>\n\t\t\t\t<\/div>\n\t\t\t\t<\/div>\n\t\t\t\t\t\t<\/div>\n\t\t\t<\/div>\n\t\t<\/div>\n\t\t\t\t<div class=\"elementor-element elementor-element-5ec4bea elementor-column elementor-col-50 elementor-top-column\" data-id=\"5ec4bea\" data-element_type=\"column\">\n\t\t\t<div class=\"elementor-column-wrap  elementor-element-populated\">\n\t\t\t\t\t<div class=\"elementor-widget-wrap\">\n\t\t\t\t<div class=\"elementor-element elementor-element-1cd7a4c elementor-widget elementor-widget-text-editor\" data-id=\"1cd7a4c\" data-element_type=\"widget\" data-widget_type=\"text-editor.default\">\n\t\t\t\t<div class=\"elementor-widget-container\">\n\t\t\t\t\t<div class=\"elementor-text-editor elementor-clearfix\"><h3>Gabriel Azevedo &#8211; Desenvolvedor Full Stack<\/h3><p>Ele atua tanto em Front-end quanto em Back-end. \u00c9 o profissional do Grupo Na Lata, respons\u00e1vel em receber, entender e entregar um projeto completo. Atua em back-end (servidor, banco de dados, modelagem, programa\u00e7\u00e3o, estrutura\u00e7\u00e3o de dados e implementa\u00e7\u00e3o) e front-end (interface, UX, corte).<\/p><\/div>\n\t\t\t\t<\/div>\n\t\t\t\t<\/div>\n\t\t\t\t\t\t<\/div>\n\t\t\t<\/div>\n\t\t<\/div>\n\t\t\t\t\t\t<\/div>\n\t\t\t<\/div>\n\t\t<\/section>\n\t\t\t\t<section class=\"elementor-element elementor-element-13bfa37 elementor-section-boxed elementor-section-height-default elementor-section-height-default elementor-section elementor-top-section\" data-id=\"13bfa37\" data-element_type=\"section\">\n\t\t\t\t\t\t<div class=\"elementor-container elementor-column-gap-default\">\n\t\t\t\t<div class=\"elementor-row\">\n\t\t\t\t<div class=\"elementor-element elementor-element-a959cb0 elementor-column elementor-col-100 elementor-top-column\" data-id=\"a959cb0\" data-element_type=\"column\">\n\t\t\t<div class=\"elementor-column-wrap  elementor-element-populated\">\n\t\t\t\t\t<div class=\"elementor-widget-wrap\">\n\t\t\t\t<div class=\"elementor-element elementor-element-e46a3de elementor-widget elementor-widget-divider\" data-id=\"e46a3de\" data-element_type=\"widget\" data-widget_type=\"divider.default\">\n\t\t\t\t<div class=\"elementor-widget-container\">\n\t\t\t\t\t<div class=\"elementor-divider\">\n\t\t\t<span class=\"elementor-divider-separator\">\n\t\t\t\t\t\t<\/span>\n\t\t<\/div>\n\t\t\t\t<\/div>\n\t\t\t\t<\/div>\n\t\t\t\t\t\t<\/div>\n\t\t\t<\/div>\n\t\t<\/div>\n\t\t\t\t\t\t<\/div>\n\t\t\t<\/div>\n\t\t<\/section>\n\t\t\t\t<section class=\"elementor-element elementor-element-ae6b185 elementor-section-boxed elementor-section-height-default elementor-section-height-default elementor-section elementor-top-section\" data-id=\"ae6b185\" data-element_type=\"section\" data-settings=\"{&quot;background_background&quot;:&quot;classic&quot;}\">\n\t\t\t\t\t\t<div class=\"elementor-container elementor-column-gap-default\">\n\t\t\t\t<div class=\"elementor-row\">\n\t\t\t\t<div class=\"elementor-element elementor-element-1746d09 elementor-column elementor-col-50 elementor-top-column\" data-id=\"1746d09\" data-element_type=\"column\">\n\t\t\t<div class=\"elementor-column-wrap  elementor-element-populated\">\n\t\t\t\t\t<div class=\"elementor-widget-wrap\">\n\t\t\t\t<div class=\"elementor-element elementor-element-c8da18e elementor-widget__width-initial elementor-invisible elementor-widget elementor-widget-image\" data-id=\"c8da18e\" data-element_type=\"widget\" data-settings=\"{&quot;_animation&quot;:&quot;slideInDown&quot;}\" data-widget_type=\"image.default\">\n\t\t\t\t<div class=\"elementor-widget-container\">\n\t\t\t\t\t<div class=\"elementor-image\">\n\t\t\t\t\t\t\t\t\t\t<img loading=\"lazy\" decoding=\"async\" width=\"300\" height=\"300\" src=\"https:\/\/nalataconsultoria.com.br\/wp-content\/uploads\/2020\/03\/leticia-300x300.jpg\" class=\"attachment-medium size-medium\" alt=\"\" srcset=\"https:\/\/nalataconsultoria.com.br\/wp-content\/uploads\/2020\/03\/leticia.jpg 300w, https:\/\/nalataconsultoria.com.br\/wp-content\/uploads\/2020\/03\/leticia-150x150.jpg 150w, https:\/\/nalataconsultoria.com.br\/wp-content\/uploads\/2020\/03\/leticia-768x768.jpg 768w, https:\/\/nalataconsultoria.com.br\/wp-content\/uploads\/2020\/03\/leticia-570x570.jpg 570w\" sizes=\"auto, (max-width: 300px) 100vw, 300px\" \/>\t\t\t\t\t\t\t\t\t\t\t<\/div>\n\t\t\t\t<\/div>\n\t\t\t\t<\/div>\n\t\t\t\t\t\t<\/div>\n\t\t\t<\/div>\n\t\t<\/div>\n\t\t\t\t<div class=\"elementor-element elementor-element-b7adbcd elementor-column elementor-col-50 elementor-top-column\" data-id=\"b7adbcd\" data-element_type=\"column\">\n\t\t\t<div class=\"elementor-column-wrap  elementor-element-populated\">\n\t\t\t\t\t<div class=\"elementor-widget-wrap\">\n\t\t\t\t<div class=\"elementor-element elementor-element-259a52b elementor-widget elementor-widget-text-editor\" data-id=\"259a52b\" data-element_type=\"widget\" data-widget_type=\"text-editor.default\">\n\t\t\t\t<div class=\"elementor-widget-container\">\n\t\t\t\t\t<div class=\"elementor-text-editor elementor-clearfix\"><p><strong>Let\u00edcia Higuti &#8211; Web Designer<\/strong><\/p><p>Sua miss\u00e3o na equipe \u00e9 a cria\u00e7\u00e3o de layouts, banners, projetos, scripts e melhoramento da estrutura dos sites.\u00a0 A Let\u00edcia tamb\u00e9m \u00e9 respons\u00e1vel por construir diferentes pe\u00e7as digitais utilizadas na web como banners para sites, imagens e posts para m\u00eddias sociais e pequenas anima\u00e7\u00f5es.<\/p><\/div>\n\t\t\t\t<\/div>\n\t\t\t\t<\/div>\n\t\t\t\t\t\t<\/div>\n\t\t\t<\/div>\n\t\t<\/div>\n\t\t\t\t\t\t<\/div>\n\t\t\t<\/div>\n\t\t<\/section>\n\t\t\t\t<section class=\"elementor-element elementor-element-5c63320 elementor-section-boxed elementor-section-height-default elementor-section-height-default elementor-section elementor-top-section\" data-id=\"5c63320\" data-element_type=\"section\">\n\t\t\t\t\t\t<div class=\"elementor-container elementor-column-gap-default\">\n\t\t\t\t<div class=\"elementor-row\">\n\t\t\t\t<div class=\"elementor-element elementor-element-9c13d44 elementor-column elementor-col-100 elementor-top-column\" data-id=\"9c13d44\" data-element_type=\"column\">\n\t\t\t<div class=\"elementor-column-wrap  elementor-element-populated\">\n\t\t\t\t\t<div class=\"elementor-widget-wrap\">\n\t\t\t\t<div class=\"elementor-element elementor-element-a231b4a elementor-widget elementor-widget-divider\" data-id=\"a231b4a\" data-element_type=\"widget\" data-widget_type=\"divider.default\">\n\t\t\t\t<div class=\"elementor-widget-container\">\n\t\t\t\t\t<div class=\"elementor-divider\">\n\t\t\t<span class=\"elementor-divider-separator\">\n\t\t\t\t\t\t<\/span>\n\t\t<\/div>\n\t\t\t\t<\/div>\n\t\t\t\t<\/div>\n\t\t\t\t\t\t<\/div>\n\t\t\t<\/div>\n\t\t<\/div>\n\t\t\t\t\t\t<\/div>\n\t\t\t<\/div>\n\t\t<\/section>\n\t\t\t\t<section class=\"elementor-element elementor-element-ec1dc51 elementor-section-boxed elementor-section-height-default elementor-section-height-default elementor-section elementor-top-section\" data-id=\"ec1dc51\" data-element_type=\"section\">\n\t\t\t\t\t\t<div class=\"elementor-container elementor-column-gap-default\">\n\t\t\t\t<div class=\"elementor-row\">\n\t\t\t\t<div class=\"elementor-element elementor-element-48e6184 elementor-column elementor-col-50 elementor-top-column\" data-id=\"48e6184\" data-element_type=\"column\">\n\t\t\t<div class=\"elementor-column-wrap  elementor-element-populated\">\n\t\t\t\t\t<div class=\"elementor-widget-wrap\">\n\t\t\t\t<div class=\"elementor-element elementor-element-d6ec1ce elementor-widget__width-initial elementor-invisible elementor-widget elementor-widget-image\" data-id=\"d6ec1ce\" data-element_type=\"widget\" data-settings=\"{&quot;_animation&quot;:&quot;slideInDown&quot;}\" data-widget_type=\"image.default\">\n\t\t\t\t<div class=\"elementor-widget-container\">\n\t\t\t\t\t<div class=\"elementor-image\">\n\t\t\t\t\t\t\t\t\t\t<img loading=\"lazy\" decoding=\"async\" width=\"300\" height=\"300\" src=\"https:\/\/nalataconsultoria.com.br\/wp-content\/uploads\/2020\/03\/sil-300x300.jpg\" class=\"attachment-medium size-medium\" alt=\"\" srcset=\"https:\/\/nalataconsultoria.com.br\/wp-content\/uploads\/2020\/03\/sil.jpg 300w, https:\/\/nalataconsultoria.com.br\/wp-content\/uploads\/2020\/03\/sil-150x150.jpg 150w, https:\/\/nalataconsultoria.com.br\/wp-content\/uploads\/2020\/03\/sil-768x768.jpg 768w, https:\/\/nalataconsultoria.com.br\/wp-content\/uploads\/2020\/03\/sil-570x570.jpg 570w\" sizes=\"auto, (max-width: 300px) 100vw, 300px\" \/>\t\t\t\t\t\t\t\t\t\t\t<\/div>\n\t\t\t\t<\/div>\n\t\t\t\t<\/div>\n\t\t\t\t\t\t<\/div>\n\t\t\t<\/div>\n\t\t<\/div>\n\t\t\t\t<div class=\"elementor-element elementor-element-7e34dbc elementor-column elementor-col-50 elementor-top-column\" data-id=\"7e34dbc\" data-element_type=\"column\">\n\t\t\t<div class=\"elementor-column-wrap  elementor-element-populated\">\n\t\t\t\t\t<div class=\"elementor-widget-wrap\">\n\t\t\t\t<div class=\"elementor-element elementor-element-8ff55e4 elementor-widget elementor-widget-text-editor\" data-id=\"8ff55e4\" data-element_type=\"widget\" data-widget_type=\"text-editor.default\">\n\t\t\t\t<div class=\"elementor-widget-container\">\n\t\t\t\t\t<div class=\"elementor-text-editor elementor-clearfix\"><h3>Sil Senhorini &#8211; Departamento Financeiro<\/h3><p>Gerencia os departamentos cont\u00e1beis e financeiros do Grupo Na Lata, desenvolvendo normas internas, processos e procedimentos de finan\u00e7as. Ela tamb\u00e9m supervisiona toda parte das fun\u00e7\u00f5es de suporte administrativo e financeiro para com o cliente do grupo.<\/p><div>\u00a0<\/div><div>\u00a0<\/div><p style=\"margin-bottom: 0px;\">\u00a0<\/p><\/div>\n\t\t\t\t<\/div>\n\t\t\t\t<\/div>\n\t\t\t\t\t\t<\/div>\n\t\t\t<\/div>\n\t\t<\/div>\n\t\t\t\t\t\t<\/div>\n\t\t\t<\/div>\n\t\t<\/section>\n\t\t\t\t\t\t<\/div>\n\t\t\t<\/div>\n\t\t<\/div>\n\t\t","protected":false},"excerpt":{"rendered":"<p>H\u00e1 mais de 10 anos melhorando o desempenho de empresase construindo rela\u00e7\u00f5es de confian\u00e7a com o mercado. O Grupo Na Lata \u00e9 uma empresa de consultoria que desenvolve projetos nas \u00e1reas de marketing, comunica\u00e7\u00e3o, comunica\u00e7\u00e3o e intelig\u00eancia competitiva. Com mais de 10 anos de exist\u00eancia e atua\u00e7\u00e3o em todo o Brasil, temos atendido empresas de<br \/><a href=\"https:\/\/nalataconsultoria.com.br\/index.php\/institucional\/\" class=\"more\">Read more<\/a><\/p>\n","protected":false},"author":1,"featured_media":0,"parent":0,"menu_order":0,"comment_status":"closed","ping_status":"closed","template":"","meta":{"footnotes":""},"class_list":["post-10","page","type-page","status-publish","hentry"],"_links":{"self":[{"href":"https:\/\/nalataconsultoria.com.br\/index.php\/wp-json\/wp\/v2\/pages\/10","targetHints":{"allow":["GET"]}}],"collection":[{"href":"https:\/\/nalataconsultoria.com.br\/index.php\/wp-json\/wp\/v2\/pages"}],"about":[{"href":"https:\/\/nalataconsultoria.com.br\/index.php\/wp-json\/wp\/v2\/types\/page"}],"author":[{"embeddable":true,"href":"https:\/\/nalataconsultoria.com.br\/index.php\/wp-json\/wp\/v2\/users\/1"}],"replies":[{"embeddable":true,"href":"https:\/\/nalataconsultoria.com.br\/index.php\/wp-json\/wp\/v2\/comments?post=10"}],"version-history":[{"count":28,"href":"https:\/\/nalataconsultoria.com.br\/index.php\/wp-json\/wp\/v2\/pages\/10\/revisions"}],"predecessor-version":[{"id":7962,"href":"https:\/\/nalataconsultoria.com.br\/index.php\/wp-json\/wp\/v2\/pages\/10\/revisions\/7962"}],"wp:attachment":[{"href":"https:\/\/nalataconsultoria.com.br\/index.php\/wp-json\/wp\/v2\/media?parent=10"}],"curies":[{"name":"wp","href":"https:\/\/api.w.org\/{rel}","templated":true}]}}