{"id":1159,"date":"2014-11-23T07:42:50","date_gmt":"2014-11-23T07:42:50","guid":{"rendered":"http:\/\/www.rd-themes.com\/TheFox\/?page_id=1159"},"modified":"2020-03-25T21:30:54","modified_gmt":"2020-03-26T00:30:54","slug":"quemsomos","status":"publish","type":"page","link":"https:\/\/nalataconsultoria.com.br\/index.php\/quemsomos\/","title":{"rendered":"Quem Somos"},"content":{"rendered":"<p>[vc_row css=&#8221;.vc_custom_1415173088962{margin-bottom: 91px;}&#8221;][vc_column][vc_custom_heading text=&#8221;<strong>H\u00e1 mais de 10 anos melhorando o desempenho de empresas<br \/>\ne construindo rela\u00e7\u00f5es de confian\u00e7a com o mercado.<\/strong>&#8221; font_container=&#8221;tag:h2|font_size:36|text_align:left&#8221; google_fonts=&#8221;font_family:Lato%3A100%2C100italic%2C300%2C300italic%2Cregular%2Citalic%2C700%2C700italic%2C900%2C900italic|font_style:300%20light%20regular%3A300%3Anormal&#8221; css=&#8221;.vc_custom_1585174206931{margin-bottom: 19px !important;}&#8221;][vc_column_text font_size=&#8221;18&#8243; css=&#8221;.vc_custom_1585174340203{margin-bottom: 25px !important;}&#8221;]O\u00a0<strong>Grupo Na Lata<\/strong>\u00a0\u00e9 uma empresa de consultoria que desenvolve projetos nas \u00e1reas de marketing, comunica\u00e7\u00e3o, comunica\u00e7\u00e3o e intelig\u00eancia competitiva.<\/p>\n<p>Com mais de 10 anos de exist\u00eancia e atua\u00e7\u00e3o em todo o Brasil, temos atendido empresas de portes, culturas e segmentos de mercado muito diversos, o que nos capacitou, ao longo destes anos, a desenvolver uma vis\u00e3o ampla, criativa e uma experi\u00eancia profunda em mercados de bens industriais, bens de consumo, servi\u00e7os e com\u00e9rcio.<\/p>\n<p>Nos projetos que desenvolvemos, temos como objetivo a entrega de resultados percept\u00edveis pelos clientes, poss\u00edveis de serem avaliados porque nosso principal tra\u00e7o de personalidade \u00e9 a\u00a0 praticidade da abordagem e o acompanhamento e suporte \u00e0 empresa durante todo o desenvolvimento dos trabalhos.<\/p>\n<p><strong>Acreditamos em consultoria aplicada \u00e0 pr\u00e1tica empresarial. Esse \u00e9 o nosso DNA.<\/strong>[\/vc_column_text][\/vc_column][\/vc_row][vc_row][vc_column][vc_custom_heading text=&#8221;NOSSA EQUIPE&#8221; font_container=&#8221;tag:h2|font_size:30|text_align:left&#8221; google_fonts=&#8221;font_family:Lato%3A100%2C100italic%2C300%2C300italic%2Cregular%2Citalic%2C700%2C700italic%2C900%2C900italic|font_style:300%20light%20regular%3A300%3Anormal&#8221; css=&#8221;.vc_custom_1585174415714{margin-bottom: 50px !important;}&#8221;][\/vc_column][\/vc_row][vc_row][vc_column]<style type=\"text\/css\" >#rp_xaarwwhzrplcs4vvpghn .rd_staff_p02 .staff_post_ctn{border:1px solid #ecf0f1;}#rp_xaarwwhzrplcs4vvpghn .rd_staff_p02 .member-info{color:#a1b1bc; background:#ffffff;  border-top:1px solid #ecf0f1;}#rp_xaarwwhzrplcs4vvpghn .rd_staff_p02 .member-info h3 a{color:#2c3e50;}#rp_xaarwwhzrplcs4vvpghn .rd_staff_p02 .staff_post_ctn:hover .position{color:#1abc9c !important;}#rp_xaarwwhzrplcs4vvpghn .rd_staff_p02 .member-social-links a{color:#a1b1bc !important;}#rp_xaarwwhzrplcs4vvpghn .rd_staff_p02 .member-social-links a:hover{color:#1abc9c !important;}#rp_xaarwwhzrplcs4vvpghn .rd_staff_p02 .member_desc{ background:#ffffff; border-top:1px solid #ecf0f1;}#rp_xaarwwhzrplcs4vvpghn .rd_staff_p02 .staff_post_ctn:hover .bw-wrapper a:before{background:#1abc9c } <\/style><script>\r\n\r\n\r\n\r\njQuery.noConflict();\r\n\r\njQuery(document).ready(function($){\r\n\r\n\"use strict\";\r\n\r\n $(window).load(function(){\r\n\t\t\t\t\t\t\t   $(\".filter_xaarwwhzrplcs4vvpghn .staffoptionset li a\").each(function() {\r\n\r\n\t\t\t\t\t\t\t\tvar filter_class = $(this).attr('data-option-value');\r\n\t\t\t\t\t\t\t\t if ($('#rp_xaarwwhzrplcs4vvpghn').find(filter_class).length) { \/\/ implies *not* zero\r\n\t\t\t\t\t\t\t\t$(this).parent('li').show();\r\n\t\t\t\t\t\t\t\t }else{\r\n\t\t\t\t\t\t\t\t$(this).parent('li').hide();\r\n\t\t\t\t\t\t\t\t }\r\n\t\t\t\t\t\t\t\t});\r\n\r\n\r\n\r\n\r\n$('.masonry_ctn').isotope({\r\n  \/\/ options\r\n  itemSelector : '.staff_post',\r\n  layoutMode : 'masonry'\r\n});\r\n\r\n\r\n});});\r\n\r\n\r\n<\/script>\r\n\r\n<div class=\"rd_staff_posts_ctn masonry_ctn blog_4_col type02\" id=\"rp_xaarwwhzrplcs4vvpghn\">\r\n\r\n<div data-category=\"\" class=\"staff_post rd_staff_p02 ajax_post \">\r\n\r\n\r\n      <div class=\"staff_post_ctn\">\r\n\r\n\r\n         <div class=\"member-photo s_effect\">\r\n\r\n    <div class=\"bw-wrapper\">       <a href=\"https:\/\/nalataconsultoria.com.br\/index.php\/staff\/brian-willis\/\" target=\"_blank\"><img loading=\"lazy\" decoding=\"async\" width=\"570\" height=\"570\" src=\"https:\/\/nalataconsultoria.com.br\/wp-content\/uploads\/2015\/05\/staff-1-570x570.png\" class=\"attachment-staff_tn size-staff_tn wp-post-image\" alt=\"\" title=\"\" srcset=\"https:\/\/nalataconsultoria.com.br\/wp-content\/uploads\/2015\/05\/staff-1-570x570.png 570w, https:\/\/nalataconsultoria.com.br\/wp-content\/uploads\/2015\/05\/staff-1.png 300w, https:\/\/nalataconsultoria.com.br\/wp-content\/uploads\/2015\/05\/staff-1-150x150.png 150w, https:\/\/nalataconsultoria.com.br\/wp-content\/uploads\/2015\/05\/staff-1-768x768.png 768w, https:\/\/nalataconsultoria.com.br\/wp-content\/uploads\/2015\/05\/staff-1-266x266.png 266w\" sizes=\"auto, (max-width: 570px) 100vw, 570px\" \/>  <\/a>\r\n\r\n\r\n    <\/div>\r\n\r\n  <\/div>\r\n\r\n  <div class=\"member-info\">\r\n\r\n    <h3><a href=\"https:\/\/nalataconsultoria.com.br\/index.php\/staff\/brian-willis\/\" target=\"_blank\">Fran D\u00b4Amico<\/a><\/h3>\r\n\r\n    <span class=\"position\" >CEO e Diretora de Marketing<\/span>\r\n  <\/div>\r\n\r\n    <div class=\"member_desc\">  <div class=\"member-social-links\">\r\n\r\n        \t\t<div id=\"facebook\"><a  target=\"_blank\" href=\"http:\/\/www.facebook.com\/http:\/\/facebook.com\/FranDamicoII\"  ><i class=\"fa fa-facebook\"><\/i><\/a><\/div>\r\n                                                                                                                        <div id=\"instagram\"> <a  target=\"_blank\" href=\"http:\/\/instagram.com\/frandamicooficial\"  ><i class=\"fa fa-instagram\"><\/i><\/a><\/div>\r\n                                <div id=\"member_email\"> <a  target=\"_blank\" href=\"mailto:mailto:frandamico@nalataconsultoria.com.br\"  ><i class=\"fa fa-envelope-o\"><\/i><\/a><\/div>\r\n            <\/div>\r\n       <\/div>\r\n\r\n\r\n<\/div>\r\n<\/div>\r\n\r\n\r\n<div data-category=\"\" class=\"staff_post rd_staff_p02 ajax_post \">\r\n\r\n\r\n      <div class=\"staff_post_ctn\">\r\n\r\n\r\n         <div class=\"member-photo s_effect\">\r\n\r\n    <div class=\"bw-wrapper\">       <a href=\"https:\/\/nalataconsultoria.com.br\/index.php\/staff\/mary-bates\/\" target=\"_blank\"><img loading=\"lazy\" decoding=\"async\" width=\"570\" height=\"570\" src=\"https:\/\/nalataconsultoria.com.br\/wp-content\/uploads\/2015\/05\/staff2-570x570.png\" class=\"attachment-staff_tn size-staff_tn wp-post-image\" alt=\"\" title=\"\" srcset=\"https:\/\/nalataconsultoria.com.br\/wp-content\/uploads\/2015\/05\/staff2-570x570.png 570w, https:\/\/nalataconsultoria.com.br\/wp-content\/uploads\/2015\/05\/staff2.png 300w, https:\/\/nalataconsultoria.com.br\/wp-content\/uploads\/2015\/05\/staff2-150x150.png 150w, https:\/\/nalataconsultoria.com.br\/wp-content\/uploads\/2015\/05\/staff2-768x768.png 768w, https:\/\/nalataconsultoria.com.br\/wp-content\/uploads\/2015\/05\/staff2-266x266.png 266w\" sizes=\"auto, (max-width: 570px) 100vw, 570px\" \/>  <\/a>\r\n\r\n\r\n    <\/div>\r\n\r\n  <\/div>\r\n\r\n  <div class=\"member-info\">\r\n\r\n    <h3><a href=\"https:\/\/nalataconsultoria.com.br\/index.php\/staff\/mary-bates\/\" target=\"_blank\">Gabriel Azevedo<\/a><\/h3>\r\n\r\n    <span class=\"position\" >Desenvolvedor Full Stack<\/span>\r\n  <\/div>\r\n\r\n    <div class=\"member_desc\">  <div class=\"member-social-links\">\r\n\r\n        \t\t<div id=\"facebook\"><a  target=\"_blank\" href=\"http:\/\/www.facebook.com\/http:\/\/www.facebook.com\/gabriel.azevedo.9615\"  ><i class=\"fa fa-facebook\"><\/i><\/a><\/div>\r\n                                                                                                                        <div id=\"instagram\"> <a  target=\"_blank\" href=\"http:\/\/instagram.com\/gazevedo18\"  ><i class=\"fa fa-instagram\"><\/i><\/a><\/div>\r\n                                <div id=\"member_email\"> <a  target=\"_blank\" href=\"mailto:mailto:gabriel@nalataconsultoria.com.br\"  ><i class=\"fa fa-envelope-o\"><\/i><\/a><\/div>\r\n            <\/div>\r\n       <\/div>\r\n\r\n\r\n<\/div>\r\n<\/div>\r\n\r\n\r\n<div data-category=\"\" class=\"staff_post rd_staff_p02 ajax_post \">\r\n\r\n\r\n      <div class=\"staff_post_ctn\">\r\n\r\n\r\n         <div class=\"member-photo s_effect\">\r\n\r\n    <div class=\"bw-wrapper\">       <a href=\"https:\/\/nalataconsultoria.com.br\/index.php\/staff\/eric-williams\/\" target=\"_blank\"><img loading=\"lazy\" decoding=\"async\" width=\"570\" height=\"570\" src=\"https:\/\/nalataconsultoria.com.br\/wp-content\/uploads\/2015\/05\/staff3-570x570.png\" class=\"attachment-staff_tn size-staff_tn wp-post-image\" alt=\"\" title=\"\" srcset=\"https:\/\/nalataconsultoria.com.br\/wp-content\/uploads\/2015\/05\/staff3-570x570.png 570w, https:\/\/nalataconsultoria.com.br\/wp-content\/uploads\/2015\/05\/staff3.png 300w, https:\/\/nalataconsultoria.com.br\/wp-content\/uploads\/2015\/05\/staff3-150x150.png 150w, https:\/\/nalataconsultoria.com.br\/wp-content\/uploads\/2015\/05\/staff3-768x768.png 768w, https:\/\/nalataconsultoria.com.br\/wp-content\/uploads\/2015\/05\/staff3-266x266.png 266w\" sizes=\"auto, (max-width: 570px) 100vw, 570px\" \/>  <\/a>\r\n\r\n\r\n    <\/div>\r\n\r\n  <\/div>\r\n\r\n  <div class=\"member-info\">\r\n\r\n    <h3><a href=\"https:\/\/nalataconsultoria.com.br\/index.php\/staff\/eric-williams\/\" target=\"_blank\">Let\u00edcia Higuti<\/a><\/h3>\r\n\r\n    <span class=\"position\" >Web Designer<\/span>\r\n  <\/div>\r\n\r\n    <div class=\"member_desc\">  <div class=\"member-social-links\">\r\n\r\n                                                                                                                        <div id=\"instagram\"> <a  target=\"_blank\" href=\"http:\/\/instagram.com\/lethigutix\"  ><i class=\"fa fa-instagram\"><\/i><\/a><\/div>\r\n                                <div id=\"member_email\"> <a  target=\"_blank\" href=\"mailto:mailto:leticia@nalataconsultoria.com.br\"  ><i class=\"fa fa-envelope-o\"><\/i><\/a><\/div>\r\n            <\/div>\r\n       <\/div>\r\n\r\n\r\n<\/div>\r\n<\/div>\r\n\r\n\r\n<div data-category=\"\" class=\"staff_post rd_staff_p02 ajax_post \">\r\n\r\n\r\n      <div class=\"staff_post_ctn\">\r\n\r\n\r\n         <div class=\"member-photo s_effect\">\r\n\r\n    <div class=\"bw-wrapper\">       <a href=\"https:\/\/nalataconsultoria.com.br\/index.php\/staff\/emily-hicks\/\" target=\"_blank\"><img loading=\"lazy\" decoding=\"async\" width=\"570\" height=\"570\" src=\"https:\/\/nalataconsultoria.com.br\/wp-content\/uploads\/2015\/05\/staff4-570x570.png\" class=\"attachment-staff_tn size-staff_tn wp-post-image\" alt=\"\" title=\"\" srcset=\"https:\/\/nalataconsultoria.com.br\/wp-content\/uploads\/2015\/05\/staff4-570x570.png 570w, https:\/\/nalataconsultoria.com.br\/wp-content\/uploads\/2015\/05\/staff4.png 300w, https:\/\/nalataconsultoria.com.br\/wp-content\/uploads\/2015\/05\/staff4-150x150.png 150w, https:\/\/nalataconsultoria.com.br\/wp-content\/uploads\/2015\/05\/staff4-768x768.png 768w, https:\/\/nalataconsultoria.com.br\/wp-content\/uploads\/2015\/05\/staff4-266x266.png 266w\" sizes=\"auto, (max-width: 570px) 100vw, 570px\" \/>  <\/a>\r\n\r\n\r\n    <\/div>\r\n\r\n  <\/div>\r\n\r\n  <div class=\"member-info\">\r\n\r\n    <h3><a href=\"https:\/\/nalataconsultoria.com.br\/index.php\/staff\/emily-hicks\/\" target=\"_blank\">Sil Senhorini<\/a><\/h3>\r\n\r\n    <span class=\"position\" >Gestora Financeira<\/span>\r\n  <\/div>\r\n\r\n    <div class=\"member_desc\">  <div class=\"member-social-links\">\r\n\r\n        \t\t<div id=\"facebook\"><a  target=\"_blank\" href=\"http:\/\/www.facebook.com\/http:\/\/www.facebook.com\/silsenhorini\"  ><i class=\"fa fa-facebook\"><\/i><\/a><\/div>\r\n                                                                                                                        <div id=\"instagram\"> <a  target=\"_blank\" href=\"http:\/\/instagram.com\/silsenhorini\"  ><i class=\"fa fa-instagram\"><\/i><\/a><\/div>\r\n                                <div id=\"member_email\"> <a  target=\"_blank\" href=\"mailto:mailto:financeiro@nalataconsultoria.com.br\"  ><i class=\"fa fa-envelope-o\"><\/i><\/a><\/div>\r\n            <\/div>\r\n       <\/div>\r\n\r\n\r\n<\/div>\r\n<\/div>\r\n\r\n\r\n\r\n\r\n\r\n<\/div>\r\n[\/vc_column][\/vc_row][vc_row][vc_column width=&#8221;2\/3&#8243; animation=&#8221;rda_fadeIn&#8221;][vc_video link=&#8221;https:\/\/youtu.be\/neY12-NYTRc&#8221; el_width=&#8221;50&#8243; css_animation=&#8221;fadeIn&#8221;][\/vc_column][vc_column width=&#8221;1\/3&#8243;]<div class=\"heading_box_sc_ctn\" style=\"margin:0px 0px 0px;\"><div class=\"heading_box_sc rda_zoomIn\" style=\"border-color:#1abc9c;\"><h3 style=\"border-color:#2c3e50; color:#2c3e50; background:#ffffff\">TRABALHAMOS POR VOC\u00ca!<\/h3><\/div><\/div>[vc_row_inner][vc_column_inner][\/vc_column_inner][\/vc_row_inner][vc_column_text]<\/p>\n<p>Nossa ag\u00eancia tem equipes com foco em resultados, profissionais que conseguem ter uma vis\u00e3o macro do neg\u00f3cio e definir estrat\u00e9gias a n\u00edvel micro com uma grande facilidade, oferecendo al\u00e9m do bom atendimento aos clientes, bons resultados com o Marketing Digital.<\/p>\n<p>Somos movidos pela paix\u00e3o! Somos apaixonados por Marketing Digital, tecnologia, m\u00eddias e pessoas. N\u00e3o somos uma ag\u00eancia formada por profissionais iguais, pois s\u00e3o as diferen\u00e7as que nos fazem especiais e geram resultados inovadores. Buscamos ser os melhores!<\/p>\n<p>Mantemos o nosso foco no cliente e em alta performance. Queremos oferecer a melhor experi\u00eancia em Marketing Digital que uma empresa poderia ter.<\/p>\n<h4><\/h4>\n<p>[\/vc_column_text][\/vc_column][\/vc_row][vc_row][vc_column][\/vc_column][\/vc_row]<\/p>\n","protected":false},"excerpt":{"rendered":"<p><a href=\"https:\/\/nalataconsultoria.com.br\/index.php\/staff\/emily-hicks\/\" class=\"more\">Read more<\/a><\/p>\n","protected":false},"author":1,"featured_media":0,"parent":0,"menu_order":0,"comment_status":"closed","ping_status":"open","template":"","meta":{"footnotes":""},"class_list":["post-1159","page","type-page","status-publish","hentry"],"_links":{"self":[{"href":"https:\/\/nalataconsultoria.com.br\/index.php\/wp-json\/wp\/v2\/pages\/1159","targetHints":{"allow":["GET"]}}],"collection":[{"href":"https:\/\/nalataconsultoria.com.br\/index.php\/wp-json\/wp\/v2\/pages"}],"about":[{"href":"https:\/\/nalataconsultoria.com.br\/index.php\/wp-json\/wp\/v2\/types\/page"}],"author":[{"embeddable":true,"href":"https:\/\/nalataconsultoria.com.br\/index.php\/wp-json\/wp\/v2\/users\/1"}],"replies":[{"embeddable":true,"href":"https:\/\/nalataconsultoria.com.br\/index.php\/wp-json\/wp\/v2\/comments?post=1159"}],"version-history":[{"count":47,"href":"https:\/\/nalataconsultoria.com.br\/index.php\/wp-json\/wp\/v2\/pages\/1159\/revisions"}],"predecessor-version":[{"id":8117,"href":"https:\/\/nalataconsultoria.com.br\/index.php\/wp-json\/wp\/v2\/pages\/1159\/revisions\/8117"}],"wp:attachment":[{"href":"https:\/\/nalataconsultoria.com.br\/index.php\/wp-json\/wp\/v2\/media?parent=1159"}],"curies":[{"name":"wp","href":"https:\/\/api.w.org\/{rel}","templated":true}]}}