{"id":1326,"date":"2014-11-26T05:13:37","date_gmt":"2014-11-26T05:13:37","guid":{"rendered":"http:\/\/www.rd-themes.com\/TheFox\/?page_id=1326"},"modified":"2020-03-26T23:08:44","modified_gmt":"2020-03-27T02:08:44","slug":"imagensaereas","status":"publish","type":"page","link":"https:\/\/nalataconsultoria.com.br\/index.php\/imagensaereas\/","title":{"rendered":"Drone &#8211; Imagens A\u00e9reas"},"content":{"rendered":"<p>[vc_row css=&#8221;.vc_custom_1416984148845{margin-bottom: 0px;padding-top: 98px;padding-bottom: 71px;}&#8221;][vc_column width=&#8221;1\/3&#8243; css=&#8221;.vc_custom_1585268549310{padding-bottom: 30px !important;}&#8221;]<style type=\"text\/css\" >#rand_xzd98lt2utleaj9skeut {margin-top:0px; margin-bottom:0px; }<\/style><style type='text\/css'> @font-face{font-family: 'fa'; src:url('https:\/\/nalataconsultoria.com.br\/wp-content\/themes\/thefox\/includes\/4k-icons\/icons\/4k-icons-pack02\/icons\/fonts\/fa.eot'); src:url('https:\/\/nalataconsultoria.com.br\/wp-content\/themes\/thefox\/includes\/4k-icons\/icons\/4k-icons-pack02\/icons\/fonts\/fa.eot?#iefix') format('embedded-opentype'), url('https:\/\/nalataconsultoria.com.br\/wp-content\/themes\/thefox\/includes\/4k-icons\/icons\/4k-icons-pack02\/icons\/fonts\/fa.woff') format('woff'), url('https:\/\/nalataconsultoria.com.br\/wp-content\/themes\/thefox\/includes\/4k-icons\/icons\/4k-icons-pack02\/icons\/fonts\/fa.ttf') format('truetype'), url('https:\/\/nalataconsultoria.com.br\/wp-content\/themes\/thefox\/includes\/4k-icons\/icons\/4k-icons-pack02\/icons\/fonts\/fa.svg#oi') format('svg'); font-weight: normal; font-style: normal;}#rand_xzd98lt2utleaj9skeut .fa-fighter-jet:before{font-family: 'fa'; font-weight: normal; font-style: normal;}#rand_xzd98lt2utleaj9skeut .fa-fighter-jet:before{content: \"\\f0fb\";}<\/style>\n<style type=\"text\/css\" >#rand_xzd98lt2utleaj9skeut:hover i{color:#1abc9c!important;}#rand_xzd98lt2utleaj9skeut:hover h3{color:#2c3e50!important;}#rand_xzd98lt2utleaj9skeut:hover p{color:!important;}#rand_xzd98lt2utleaj9skeut:hover .icon_box_button{color:#34495e!important;}<\/style><div id=\"rand_xzd98lt2utleaj9skeut\" class=\"icon_box_si \"><i class=\"fa-fighter-jet\" style=\"color:#2f4052;\"><\/i><h3 style=\"color:#2c3e50;\">Drone &amp; Piloto<\/h3><p style=\"color:#a1b1bc\">\u00c9 muito Simples:\u00a0<strong>Deslocamos Drone e piloto qualificado<\/strong>. Al\u00e9m dos equipamentos que for necess\u00e1rio para a entregarmos o Servi\u00e7o contratado.<\/p><\/div>[\/vc_column][vc_column width=&#8221;1\/3&#8243; css=&#8221;.vc_custom_1416983825530{padding-bottom: 30px;}&#8221;]<style type=\"text\/css\" >#rand_xwokq9tw2j3rymb6ghzq {margin-top:0px; margin-bottom:0px; }<\/style><style type='text\/css'> @font-face{font-family: 'wb'; src:url('https:\/\/nalataconsultoria.com.br\/wp-content\/themes\/thefox\/includes\/4k-icons\/icons\/4k-icons-pack05\/icons\/fonts\/wb.eot'); src:url('https:\/\/nalataconsultoria.com.br\/wp-content\/themes\/thefox\/includes\/4k-icons\/icons\/4k-icons-pack05\/icons\/fonts\/wb.eot?#iefix') format('embedded-opentype'), url('https:\/\/nalataconsultoria.com.br\/wp-content\/themes\/thefox\/includes\/4k-icons\/icons\/4k-icons-pack05\/icons\/fonts\/wb.woff') format('woff'), url('https:\/\/nalataconsultoria.com.br\/wp-content\/themes\/thefox\/includes\/4k-icons\/icons\/4k-icons-pack05\/icons\/fonts\/wb.ttf') format('truetype'), url('https:\/\/nalataconsultoria.com.br\/wp-content\/themes\/thefox\/includes\/4k-icons\/icons\/4k-icons-pack05\/icons\/fonts\/wb.svg#oi') format('svg'); font-weight: normal; font-style: normal;}#rand_xwokq9tw2j3rymb6ghzq .wb-joystickarcade:before{font-family: 'wb'; font-weight: normal; font-style: normal;}#rand_xwokq9tw2j3rymb6ghzq .wb-joystickarcade:before{content: \"\\f2d4\";}<\/style>\n<style type=\"text\/css\" >#rand_xwokq9tw2j3rymb6ghzq:hover i{color:#1abc9c!important;}#rand_xwokq9tw2j3rymb6ghzq:hover h3{color:#2c3e50!important;}#rand_xwokq9tw2j3rymb6ghzq:hover p{color:!important;}#rand_xwokq9tw2j3rymb6ghzq:hover .icon_box_button{color:#34495e!important;}<\/style><div id=\"rand_xwokq9tw2j3rymb6ghzq\" class=\"icon_box_si \"><i class=\"wb-joystickarcade\" style=\"color:#2f4052;\"><\/i><h3 style=\"color:#2c3e50;\">Realizamos o Servi\u00e7o<\/h3><p style=\"color:#a1b1bc\">Din\u00e2mico e sem estresse! Al\u00e9m de nossa<strong>\u00a0reuni\u00e3o de planejamento<\/strong>, chegamos na hora e local combinado e Realizamos todo o servi\u00e7o, conforme negociado.<\/p><\/div>[\/vc_column][vc_column width=&#8221;1\/3&#8243; css=&#8221;.vc_custom_1585268544381{padding-bottom: 30px !important;}&#8221;]<style type=\"text\/css\" >#rand_9o0en09zbtqtjhcpqlzv {margin-top:0px; margin-bottom:0px; }<\/style><style type='text\/css'> @font-face{font-family: 'fa'; src:url('https:\/\/nalataconsultoria.com.br\/wp-content\/themes\/thefox\/includes\/4k-icons\/icons\/4k-icons-pack02\/icons\/fonts\/fa.eot'); src:url('https:\/\/nalataconsultoria.com.br\/wp-content\/themes\/thefox\/includes\/4k-icons\/icons\/4k-icons-pack02\/icons\/fonts\/fa.eot?#iefix') format('embedded-opentype'), url('https:\/\/nalataconsultoria.com.br\/wp-content\/themes\/thefox\/includes\/4k-icons\/icons\/4k-icons-pack02\/icons\/fonts\/fa.woff') format('woff'), url('https:\/\/nalataconsultoria.com.br\/wp-content\/themes\/thefox\/includes\/4k-icons\/icons\/4k-icons-pack02\/icons\/fonts\/fa.ttf') format('truetype'), url('https:\/\/nalataconsultoria.com.br\/wp-content\/themes\/thefox\/includes\/4k-icons\/icons\/4k-icons-pack02\/icons\/fonts\/fa.svg#oi') format('svg'); font-weight: normal; font-style: normal;}#rand_9o0en09zbtqtjhcpqlzv .fa-video-camera:before{font-family: 'fa'; font-weight: normal; font-style: normal;}#rand_9o0en09zbtqtjhcpqlzv .fa-video-camera:before{content: \"\\f03d\";}<\/style>\n<style type=\"text\/css\" >#rand_9o0en09zbtqtjhcpqlzv:hover i{color:#1abc9c!important;}#rand_9o0en09zbtqtjhcpqlzv:hover h3{color:#2c3e50!important;}#rand_9o0en09zbtqtjhcpqlzv:hover p{color:!important;}#rand_9o0en09zbtqtjhcpqlzv:hover .icon_box_button{color:#34495e!important;}<\/style><div id=\"rand_9o0en09zbtqtjhcpqlzv\" class=\"icon_box_si \"><i class=\"fa-video-camera\" style=\"color:#2f4052;\"><\/i><h3 style=\"color:#2c3e50;\">Material Finalizado<\/h3><p style=\"color:#a1b1bc\">Tudo Ok! Entregamos todo o material editado. O prazo \u00e9 acordado na contrata\u00e7\u00e3o e disponibilizamos em alta resolu\u00e7\u00e3o, pronto para ser visto em quaisquer meios de comunica\u00e7\u00e3o.<\/p><\/div>[\/vc_column][\/vc_row][vc_row type=&#8221;full-width-section&#8221; css=&#8221;.vc_custom_1416985394534{margin-bottom: 0px;border-top-width: 1px;border-bottom-width: 1px;padding-top: 93px;padding-bottom: 60px;background-color: #f9fafb;border-top-color: #ebebeb;border-top-style: solid;border-bottom-color: #ebebeb;border-bottom-style: solid;}&#8221;][vc_column width=&#8221;1\/2&#8243; animation=&#8221;rda_fadeInLeft&#8221; css=&#8221;.vc_custom_1421574038833{margin-bottom: 0px !important;border-bottom-width: 0px !important;padding-top: 7px !important;padding-bottom: 30px !important;}&#8221;][vc_single_image image=&#8221;8220&#8243; img_size=&#8221;full&#8221; add_caption=&#8221;yes&#8221;][\/vc_column][vc_column width=&#8221;1\/2&#8243; animation=&#8221;rda_fadeInRight&#8221; css=&#8221;.vc_custom_1421574056870{margin-bottom: 0px !important;border-bottom-width: 0px !important;padding-bottom: 30px !important;}&#8221;][vc_custom_heading text=&#8221;VC DRONE &amp; NA LATA&#8221; font_container=&#8221;tag:h2|font_size:30|text_align:left|color:%232c3e50&#8243; google_fonts=&#8221;font_family:Lato%3A100%2C100italic%2C300%2C300italic%2Cregular%2Citalic%2C700%2C700italic%2C900%2C900italic|font_style:900%20bold%20regular%3A900%3Anormal&#8221; css=&#8221;.vc_custom_1585269891480{margin-bottom: 19px !important;}&#8221; el_class=&#8221;letterspacing-2-5&#8243;][vc_column_text css=&#8221;.vc_custom_1585270682336{margin-bottom: 24px !important;}&#8221;]Juntos eles desenvolvem e fazem uso de tecnologias para coletas de imagens de v\u00e1rias formas, sempre prezando a qualidade e seguran\u00e7a. Servi\u00e7os totalmente customizados, com os melhores pre\u00e7os e profissionais do mercado. Essa uni\u00e3o foi pensada para que no final da execu\u00e7\u00e3o o cliente veja o valor agregado ao seu neg\u00f3cio e fique totalmente satisfeito. Nosso diferencial est\u00e1 no profissionalismo, na qualidade dos equipamentos e profissionais, no cuidado com nossos clientes e na qualidade do produto final. Seguimos os padr\u00f5es estabelecidos pela ANAC e todos os nossos equipamentos s\u00e3o homologados pela ANATEL.<\/p>\n<h3><\/h3>\n<p>[\/vc_column_text][vc_column_text css=&#8221;.vc_custom_1585270537947{margin-bottom: 23px !important;}&#8221;]A demanda no mercado por capta\u00e7\u00e3o de imagens a\u00e9reas e uma longa paix\u00e3o pelas \u00e1reas de comunica\u00e7\u00e3o, marketing e fotografia foram fatores primordiais para o surgimento da parceria &#8220;Na Lata &amp; VC Drone&#8221;[\/vc_column_text]<style type=\"text\/css\" >#b_tnplwy94wew28l9zn74a a{color:#a1b1bc; background:#ffffff; border-style:solid; border-color:#a1b1bc; margin-top:0px; margin-bottom:0px;  margin-left:0px; margin-right:0px; font-weight:900; border-radius:4px;}#b_tnplwy94wew28l9zn74a a:hover{color:#ffffff ; background:#2c3e50 ; border-color:#2c3e50;}<\/style><div class=\"ta_left tf_btn_pos\" id=\"b_tnplwy94wew28l9zn74a\" ><a class=\"rd_stroke_bt smallmedium_rd_bt border_1px  bt_icon_right   \" href=\"http:\/\/whats.link\/nalata\" target=\"yes\"   ><span>ENTRE EM CONTATO AGORA<\/span><i class=\"mfg-right-open\" ><\/i><\/a><\/div><style type='text\/css'> @font-face{font-family: 'mfg'; src:url('https:\/\/nalataconsultoria.com.br\/wp-content\/themes\/thefox\/includes\/4k-icons\/icons\/fonts\/mfg.eot'); src:url('https:\/\/nalataconsultoria.com.br\/wp-content\/themes\/thefox\/includes\/4k-icons\/icons\/fonts\/mfg.eot?#iefix') format('embedded-opentype'), url('https:\/\/nalataconsultoria.com.br\/wp-content\/themes\/thefox\/includes\/4k-icons\/icons\/fonts\/mfg.woff') format('woff'), url('https:\/\/nalataconsultoria.com.br\/wp-content\/themes\/thefox\/includes\/4k-icons\/icons\/fonts\/mfg.ttf') format('truetype'), url('https:\/\/nalataconsultoria.com.br\/wp-content\/themes\/thefox\/includes\/4k-icons\/icons\/fonts\/mfg.svg#oi') format('svg'); font-weight: normal; font-style: normal;}#b_tnplwy94wew28l9zn74a .mfg-right-open:before{font-family: 'mfg'; font-weight: normal; font-style: normal;}#b_tnplwy94wew28l9zn74a .mfg-right-open:before{content: \"\\e848\";}<\/style>\n[\/vc_column][\/vc_row][vc_row type=&#8221;full-width-content&#8221; css=&#8221;.vc_custom_1416986291283{margin-bottom: 0px;padding-top: 97px;padding-bottom: 0px;}&#8221;][vc_column][vc_custom_heading text=&#8221;NOSSOS SERVI\u00c7OS&#8221; font_container=&#8221;tag:h2|font_size:30|text_align:center|color:%232c3e50&#8243; google_fonts=&#8221;font_family:Lato%3A100%2C100italic%2C300%2C300italic%2Cregular%2Citalic%2C700%2C700italic%2C900%2C900italic|font_style:900%20bold%20regular%3A900%3Anormal&#8221; css=&#8221;.vc_custom_1585270890183{margin-bottom: 8px !important;}&#8221; el_class=&#8221;letterspacing-2-5&#8243;][vc_column_text css=&#8221;.vc_custom_1585271221646{margin-bottom: 43px !important;}&#8221;]<\/p>\n<h3 style=\"text-align: center;\">Oferecemos uma gama de servi\u00e7os inovadores e que geram valor e benef\u00edcios para a sua marca.<\/h3>\n<h3 style=\"text-align: center;\">Veja abaixo alguns dos servi\u00e7os prestados. Podemos realizar um sob medida para voc\u00ea e sua empresa!<\/h3>\n<p>[\/vc_column_text][vc_row_inner][vc_column_inner width=&#8221;1\/3&#8243;]<style type=\"text\/css\" >#rand_t39pvr21ycm52uh78izz{border:1px solid #ecf0f1; background:#ffffff; }#rand_t39pvr21ycm52uh78izz .icon_circle{border:1px solid #ecf0f1; background:#ffffff; color:#1abc9c;}#rand_t39pvr21ycm52uh78izz .icon_sub_ctn{border:1px solid #ecf0f1; background:#ffffff; }<\/style> <style type='text\/css'> @font-face{font-family: 'mp'; src:url('https:\/\/nalataconsultoria.com.br\/wp-content\/themes\/thefox\/includes\/4k-icons\/icons\/4k-icons-pack04\/icons\/fonts\/mp.eot'); src:url('https:\/\/nalataconsultoria.com.br\/wp-content\/themes\/thefox\/includes\/4k-icons\/icons\/4k-icons-pack04\/icons\/fonts\/mp.eot?#iefix') format('embedded-opentype'), url('https:\/\/nalataconsultoria.com.br\/wp-content\/themes\/thefox\/includes\/4k-icons\/icons\/4k-icons-pack04\/icons\/fonts\/mp.woff') format('woff'), url('https:\/\/nalataconsultoria.com.br\/wp-content\/themes\/thefox\/includes\/4k-icons\/icons\/4k-icons-pack04\/icons\/fonts\/mp.ttf') format('truetype'), url('https:\/\/nalataconsultoria.com.br\/wp-content\/themes\/thefox\/includes\/4k-icons\/icons\/4k-icons-pack04\/icons\/fonts\/mp.svg#oi') format('svg'); font-weight: normal; font-style: normal;}#rand_t39pvr21ycm52uh78izz .mp-camera-1:before{font-family: 'mp'; font-weight: normal; font-style: normal;}#rand_t39pvr21ycm52uh78izz .mp-camera-1:before{content: \"\\e926\";}<\/style>\n<div id=\"rand_t39pvr21ycm52uh78izz\" class=\"icon_box2_st \"><div class=\"icon_circle\"><div class=\"icon_sub_ctn\"><i class=\"mp-camera-1\" ><\/i><\/div><\/div><h3 style=\"color:;\" >Filmagem &amp; Fotografia A\u00e9rea<\/h3><p style=\"color:;\" ><\/p><\/div>[\/vc_column_inner][vc_column_inner width=&#8221;1\/3&#8243;]<style type=\"text\/css\" >#rand_vivvtkd0quw2brr89hss{border:1px solid #ecf0f1; background:#ffffff; }#rand_vivvtkd0quw2brr89hss .icon_circle{border:1px solid #ecf0f1; background:#ffffff; color:#1abc9c;}#rand_vivvtkd0quw2brr89hss .icon_sub_ctn{border:1px solid #ecf0f1; background:#ffffff; }<\/style> <style type='text\/css'> @font-face{font-family: 'elu'; src:url('https:\/\/nalataconsultoria.com.br\/wp-content\/themes\/thefox\/includes\/4k-icons\/icons\/4k-icons-pack02\/icons\/fonts\/elu.eot'); src:url('https:\/\/nalataconsultoria.com.br\/wp-content\/themes\/thefox\/includes\/4k-icons\/icons\/4k-icons-pack02\/icons\/fonts\/elu.eot?#iefix') format('embedded-opentype'), url('https:\/\/nalataconsultoria.com.br\/wp-content\/themes\/thefox\/includes\/4k-icons\/icons\/4k-icons-pack02\/icons\/fonts\/elu.woff') format('woff'), url('https:\/\/nalataconsultoria.com.br\/wp-content\/themes\/thefox\/includes\/4k-icons\/icons\/4k-icons-pack02\/icons\/fonts\/elu.ttf') format('truetype'), url('https:\/\/nalataconsultoria.com.br\/wp-content\/themes\/thefox\/includes\/4k-icons\/icons\/4k-icons-pack02\/icons\/fonts\/elu.svg#oi') format('svg'); font-weight: normal; font-style: normal;}#rand_vivvtkd0quw2brr89hss .elu-videocam:before{font-family: 'elu'; font-weight: normal; font-style: normal;}#rand_vivvtkd0quw2brr89hss .elu-videocam:before{content: \"\\e813\";}<\/style>\n<div id=\"rand_vivvtkd0quw2brr89hss\" class=\"icon_box2_st \"><div class=\"icon_circle\"><div class=\"icon_sub_ctn\"><i class=\"elu-videocam\" ><\/i><\/div><\/div><h3 style=\"color:;\" >Produ\u00e7\u00e3o de V\u00eddeos Institucionais<\/h3><p style=\"color:;\" ><\/p><\/div>[\/vc_column_inner][vc_column_inner width=&#8221;1\/3&#8243;]<style type=\"text\/css\" >#rand_mqtzpm952d57al1wz19w{border:1px solid #ecf0f1; background:#ffffff; }#rand_mqtzpm952d57al1wz19w .icon_circle{border:1px solid #ecf0f1; background:#ffffff; color:#1abc9c;}#rand_mqtzpm952d57al1wz19w .icon_sub_ctn{border:1px solid #ecf0f1; background:#ffffff; }<\/style> <style type='text\/css'> @font-face{font-family: 'wb'; src:url('https:\/\/nalataconsultoria.com.br\/wp-content\/themes\/thefox\/includes\/4k-icons\/icons\/4k-icons-pack05\/icons\/fonts\/wb.eot'); src:url('https:\/\/nalataconsultoria.com.br\/wp-content\/themes\/thefox\/includes\/4k-icons\/icons\/4k-icons-pack05\/icons\/fonts\/wb.eot?#iefix') format('embedded-opentype'), url('https:\/\/nalataconsultoria.com.br\/wp-content\/themes\/thefox\/includes\/4k-icons\/icons\/4k-icons-pack05\/icons\/fonts\/wb.woff') format('woff'), url('https:\/\/nalataconsultoria.com.br\/wp-content\/themes\/thefox\/includes\/4k-icons\/icons\/4k-icons-pack05\/icons\/fonts\/wb.ttf') format('truetype'), url('https:\/\/nalataconsultoria.com.br\/wp-content\/themes\/thefox\/includes\/4k-icons\/icons\/4k-icons-pack05\/icons\/fonts\/wb.svg#oi') format('svg'); font-weight: normal; font-style: normal;}#rand_mqtzpm952d57al1wz19w .wb-websitebuilder:before{font-family: 'wb'; font-weight: normal; font-style: normal;}#rand_mqtzpm952d57al1wz19w .wb-websitebuilder:before{content: \"\\f034\";}<\/style>\n<div id=\"rand_mqtzpm952d57al1wz19w\" class=\"icon_box2_st \"><div class=\"icon_circle\"><div class=\"icon_sub_ctn\"><i class=\"wb-websitebuilder\" ><\/i><\/div><\/div><h3 style=\"color:;\" >Acompanhamentos de Obras<\/h3><p style=\"color:;\" ><\/p><\/div>[\/vc_column_inner][\/vc_row_inner][\/vc_column][\/vc_row][vc_row type=&#8221;full-width-section&#8221; css=&#8221;.vc_custom_1417064467634{padding-top: 92px;padding-bottom: 61px;}&#8221;][vc_column][vc_custom_heading text=&#8221;ASSISTA NOSSOS V\u00cdDEOS&#8221; font_container=&#8221;tag:h2|font_size:30|text_align:center|color:%232c3e50&#8243; google_fonts=&#8221;font_family:Lato%3A100%2C100italic%2C300%2C300italic%2Cregular%2Citalic%2C700%2C700italic%2C900%2C900italic|font_style:900%20bold%20regular%3A900%3Anormal&#8221; css=&#8221;.vc_custom_1585272542566{margin-bottom: 6px !important;}&#8221; el_class=&#8221;letterspacing-2-5&#8243;][vc_column_text css=&#8221;.vc_custom_1585273098953{margin-bottom: 0px !important;}&#8221;]<\/p>\n<h4 style=\"text-align: center;\">\u00a0Cobrindo todos os segmentos da produ\u00e7\u00e3o audiovisual, publicidade, industria e delivery.<\/h4>\n<p>[\/vc_column_text][vc_row_inner css=&#8221;.vc_custom_1417064494735{margin-bottom: 0px;padding-top: 66px;padding-bottom: 0px;}&#8221;][vc_column_inner width=&#8221;1\/3&#8243;][vc_video link=&#8221;https:\/\/www.youtube.com\/watch?v=4CinptEe360&#8243;][\/vc_column_inner][vc_column_inner width=&#8221;1\/3&#8243;][vc_video link=&#8221;https:\/\/www.youtube.com\/watch?v=AI2iyadhtnU&#8221;][\/vc_column_inner][vc_column_inner width=&#8221;1\/3&#8243;][vc_video link=&#8221;https:\/\/www.youtube.com\/watch?v=SPo15JLNtew&#8221;][\/vc_column_inner][\/vc_row_inner][\/vc_column][\/vc_row][vc_row type=&#8221;full-width-section&#8221; css=&#8221;.vc_custom_1417066566045{margin-bottom: 0px;border-top-width: 1px;border-bottom-width: 1px;padding-top: 98px;padding-bottom: 46px;background-color: #f9fafb;border-top-color: #ebebeb;border-top-style: solid;border-bottom-color: #ebebeb;border-bottom-style: solid;}&#8221;][vc_column width=&#8221;1\/2&#8243; css=&#8221;.vc_custom_1417066104809{padding-bottom: 30px;}&#8221;][vc_custom_heading text=&#8221;EXPERTISE F\u00cdLMICA&#8221; font_container=&#8221;tag:h2|font_size:30|text_align:left|color:%232c3e50&#8243; google_fonts=&#8221;font_family:Lato%3A100%2C100italic%2C300%2C300italic%2Cregular%2Citalic%2C700%2C700italic%2C900%2C900italic|font_style:900%20bold%20regular%3A900%3Anormal&#8221; css=&#8221;.vc_custom_1585273558910{margin-bottom: 18px !important;}&#8221; el_class=&#8221;letterspacing-2-5&#8243;][vc_column_text css=&#8221;.vc_custom_1585273278938{margin-bottom: 24px !important;}&#8221;]As produtoras de audiovisual, no cinema, na tv e na publicidade, est\u00e3o usando cada vez mais drones em roteiros pertinentes, cenas com panoramas deslumbrantes, sequ\u00eancias de a\u00e7\u00e3o cheias de adrenalina e vistas de 360 graus voo de p\u00e1ssaro.<\/p>\n<p>Contamos com a expertise f\u00edlmica aliada ao dom\u00ednio na ultima tecnologia em drones. Nas m\u00e3os certas -nas nossas m\u00e3os- os resultados s\u00e3o perfeitos, relevantes e nunca ficam triviais ou datados.[\/vc_column_text][vc_column_text css=&#8221;.vc_custom_1585273840414{margin-bottom: 20px !important;}&#8221;]Somos uma empresa madura e preparada para \u201csurfar\u201d esta onda gigante do Drones na publicidade. Sua empresa precisa fazer parte tamb\u00e9m desta tecnologia de ponta necess\u00e1ria para superar a concorr\u00eancia e surpreender seu p\u00fablico.[\/vc_column_text][\/vc_column][vc_column width=&#8221;1\/2&#8243; animation=&#8221;rda_bounceInRight&#8221; css=&#8221;.vc_custom_1421574088683{padding-bottom: 30px !important;}&#8221;][vc_single_image image=&#8221;8245&#8243; img_size=&#8221;full&#8221;][\/vc_column][\/vc_row][vc_row type=&#8221;full-width-section&#8221; parallax_background=&#8221;1&#8243; font_color=&#8221;#ffffff&#8221; css=&#8221;.vc_custom_1585274602096{margin-bottom: 0px !important;padding-top: 132px !important;padding-bottom: 114px !important;background-color: #2b3547 !important;background-position: center !important;background-repeat: no-repeat !important;background-size: cover !important;}&#8221;][vc_column font_color=&#8221;#ffffff&#8221;][vc_custom_heading text=&#8221;PODE CONFIAR!&#8221; font_container=&#8221;tag:h2|text_align:center|color:%23ffffff&#8221; google_fonts=&#8221;font_family:Lato%3A100%2C100italic%2C300%2C300italic%2Cregular%2Citalic%2C700%2C700italic%2C900%2C900italic|font_style:400%20regular%3A400%3Anormal&#8221;][vc_custom_heading text=&#8221;Somos os melhores da regi\u00e3o de Ribeir\u00e3o Preto, nossos profissionais foram escolhidos a dedo, com treinamento e a<br \/>\ngarantia de entrega de acordo com a demanda especifica e a necessidade de cada cliente.&#8221; font_container=&#8221;tag:h2|font_size:22|text_align:center|color:%23ffffff&#8221; google_fonts=&#8221;font_family:Lato%3A100%2C100italic%2C300%2C300italic%2Cregular%2Citalic%2C700%2C700italic%2C900%2C900italic|font_style:400%20regular%3A400%3Anormal&#8221;][\/vc_column][\/vc_row]<\/p>\n","protected":false},"excerpt":{"rendered":"<p>[vc_row css=&#8221;.vc_custom_1416984148845{margin-bottom: 0px;padding-top: 98px;padding-bottom: 71px;}&#8221;][vc_column width=&#8221;1\/3&#8243; css=&#8221;.vc_custom_1585268549310{padding-bottom: 30px !important;}&#8221;] Drone &amp; Piloto\u00c9 muito Simples:\u00a0Deslocamos Drone e piloto qualificado. Al\u00e9m dos equipamentos que for necess\u00e1rio para a entregarmos o Servi\u00e7o contratado.[\/vc_column][vc_column width=&#8221;1\/3&#8243; css=&#8221;.vc_custom_1416983825530{padding-bottom: 30px;}&#8221;] Realizamos o Servi\u00e7oDin\u00e2mico e sem estresse! Al\u00e9m de nossa\u00a0reuni\u00e3o de planejamento, chegamos na hora e local combinado e Realizamos todo o servi\u00e7o,<br \/><a href=\"https:\/\/nalataconsultoria.com.br\/index.php\/imagensaereas\/\" class=\"more\">Read more<\/a><\/p>\n","protected":false},"author":1,"featured_media":0,"parent":0,"menu_order":0,"comment_status":"closed","ping_status":"open","template":"","meta":{"footnotes":""},"class_list":["post-1326","page","type-page","status-publish","hentry"],"_links":{"self":[{"href":"https:\/\/nalataconsultoria.com.br\/index.php\/wp-json\/wp\/v2\/pages\/1326","targetHints":{"allow":["GET"]}}],"collection":[{"href":"https:\/\/nalataconsultoria.com.br\/index.php\/wp-json\/wp\/v2\/pages"}],"about":[{"href":"https:\/\/nalataconsultoria.com.br\/index.php\/wp-json\/wp\/v2\/types\/page"}],"author":[{"embeddable":true,"href":"https:\/\/nalataconsultoria.com.br\/index.php\/wp-json\/wp\/v2\/users\/1"}],"replies":[{"embeddable":true,"href":"https:\/\/nalataconsultoria.com.br\/index.php\/wp-json\/wp\/v2\/comments?post=1326"}],"version-history":[{"count":50,"href":"https:\/\/nalataconsultoria.com.br\/index.php\/wp-json\/wp\/v2\/pages\/1326\/revisions"}],"predecessor-version":[{"id":8206,"href":"https:\/\/nalataconsultoria.com.br\/index.php\/wp-json\/wp\/v2\/pages\/1326\/revisions\/8206"}],"wp:attachment":[{"href":"https:\/\/nalataconsultoria.com.br\/index.php\/wp-json\/wp\/v2\/media?parent=1326"}],"curies":[{"name":"wp","href":"https:\/\/api.w.org\/{rel}","templated":true}]}}