{"id":2426,"date":"2015-01-01T15:08:34","date_gmt":"2015-01-01T07:08:34","guid":{"rendered":"http:\/\/www.rd-themes.com\/TheFox\/?page_id=2426"},"modified":"2022-08-31T00:49:38","modified_gmt":"2022-08-31T03:49:38","slug":"metodonalata","status":"publish","type":"page","link":"https:\/\/nalataconsultoria.com.br\/index.php\/metodonalata\/","title":{"rendered":"METODO NA LATA"},"content":{"rendered":"<p>[vc_row type=&#8221;full-width-section&#8221; css=&#8221;.vc_custom_1425214410676{margin-bottom: 0px !important;padding-top: 60px !important;padding-bottom: 60px !important;}&#8221; parallax_background=&#8221;&#8221;][vc_column][vc_custom_heading text=&#8221;PARAB\u00c9NS. VOC\u00ca J\u00c1 DEU O PRIMEIRO PASSO PARA<br \/>\nMUDAR O SEU PERFIL NAS REDES SOCIAIS!&#8221; font_container=&#8221;tag:h1|font_size:36|text_align:center|color:%230171bc|line_height:30px&#8221; google_fonts=&#8221;font_family:Lato%3A100%2C100italic%2C300%2C300italic%2Cregular%2Citalic%2C700%2C700italic%2C900%2C900italic|font_style:900%20bold%20italic%3A900%3Aitalic&#8221; css=&#8221;.vc_custom_1661903230002{margin-bottom: 25px !important;}&#8221;][vc_column_text font_size=&#8221;24&#8243; line_height=&#8221;30&#8243; animation=&#8221;rda_fadeIn&#8221;]<\/p>\n<p style=\"text-align: center;\"><strong>O QUE VOC\u00ca VAI APRENDER?<\/strong><\/p>\n<p>[\/vc_column_text][\/vc_column][\/vc_row][vc_row type=&#8221;full-width-section&#8221; css=&#8221;.vc_custom_1661917624951{margin-bottom: 0px !important;border-top-width: 0px !important;border-bottom-width: 0px !important;padding-top: 50px !important;padding-bottom: 57px !important;border-top-style: solid !important;border-bottom-style: solid !important;}&#8221;][vc_column width=&#8221;1\/3&#8243; css=&#8221;.vc_custom_1420194157572{margin-bottom: 0px;padding-bottom: 40px;}&#8221;][vc_single_image image=&#8221;8310&#8243; img_size=&#8221;full&#8221; css=&#8221;.vc_custom_1661917434976{margin-bottom: 22px !important;}&#8221;][vc_custom_heading text=&#8221;DEFINA O P\u00daBLICO-ALVO&#8221; font_container=&#8221;tag:h3|text_align:left|color:%232c3e50&#8243; google_fonts=&#8221;font_family:Lato%3A100%2C100italic%2C300%2C300italic%2Cregular%2Citalic%2C700%2C700italic%2C900%2C900italic|font_style:700%20bold%20regular%3A700%3Anormal&#8221; css=&#8221;.vc_custom_1661902622636{margin-bottom: 11px !important;}&#8221;][vc_column_text]Aprenda a definir e segmentar seu p\u00fablico-alvo, identifique suas necessidades, trace personas, crie conte\u00fados e an\u00fancios que atinjam sua meta.[\/vc_column_text][\/vc_column][vc_column width=&#8221;1\/3&#8243; css=&#8221;.vc_custom_1420194189656{padding-bottom: 40px;}&#8221;][vc_single_image image=&#8221;8311&#8243; img_size=&#8221;full&#8221; css=&#8221;.vc_custom_1661917446370{margin-bottom: 22px !important;}&#8221;][vc_custom_heading text=&#8221;FORTALE\u00c7A A IDENTIDADE DA MARCA&#8221; font_container=&#8221;tag:h3|text_align:left|color:%232c3e50&#8243; google_fonts=&#8221;font_family:Lato%3A100%2C100italic%2C300%2C300italic%2Cregular%2Citalic%2C700%2C700italic%2C900%2C900italic|font_style:700%20bold%20regular%3A700%3Anormal&#8221; css=&#8221;.vc_custom_1661902661139{margin-bottom: 11px !important;}&#8221;][vc_column_text]Entenda como gerir contas online, crie campanhas envolventes, defina o tom de voz da sua comunica\u00e7\u00e3o e fortale\u00e7a digitalmente a identidade da marca.[\/vc_column_text][\/vc_column][vc_column width=&#8221;1\/3&#8243; css=&#8221;.vc_custom_1420194196795{padding-bottom: 40px;}&#8221;][vc_single_image image=&#8221;8312&#8243; img_size=&#8221;full&#8221; css=&#8221;.vc_custom_1661917458847{margin-bottom: 22px !important;}&#8221;][vc_custom_heading text=&#8221;CRIE PLANOS DE COMUNICA\u00c7\u00c3O&#8221; font_container=&#8221;tag:h3|text_align:left|color:%232c3e50&#8243; google_fonts=&#8221;font_family:Lato%3A100%2C100italic%2C300%2C300italic%2Cregular%2Citalic%2C700%2C700italic%2C900%2C900italic|font_style:700%20bold%20regular%3A700%3Anormal&#8221; css=&#8221;.vc_custom_1661902698651{margin-bottom: 11px !important;}&#8221;][vc_column_text]Trace planos de comunica\u00e7\u00e3o para as principais plataformas do mercado: Facebook, Instagram, LinkedIn, TikTok e entenda o melhor conte\u00fado para cada uma delas.[\/vc_column_text][\/vc_column][\/vc_row][vc_row type=&#8221;full-width-section&#8221; css=&#8221;.vc_custom_1420194810948{margin-bottom: 0px;border-top-width: 0px;border-bottom-width: 0px;padding-top: 100px;padding-bottom: 57px;border-top-style: solid;border-bottom-style: solid;}&#8221;][vc_column width=&#8221;1\/3&#8243; css=&#8221;.vc_custom_1420194157572{margin-bottom: 0px;padding-bottom: 40px;}&#8221;][vc_single_image image=&#8221;8313&#8243; img_size=&#8221;full&#8221; css=&#8221;.vc_custom_1661917476765{margin-bottom: 22px !important;}&#8221;][vc_custom_heading text=&#8221;DOMINE T\u00c9CNICAS DE COPYWRITING&#8221; font_container=&#8221;tag:h3|text_align:left|color:%232c3e50&#8243; google_fonts=&#8221;font_family:Lato%3A100%2C100italic%2C300%2C300italic%2Cregular%2Citalic%2C700%2C700italic%2C900%2C900italic|font_style:700%20bold%20regular%3A700%3Anormal&#8221; css=&#8221;.vc_custom_1661902795791{margin-bottom: 11px !important;}&#8221;][vc_column_text]Escreva textos engajantes utilizando gatilhos mentais, call to action, estrat\u00e9gias de SEO e t\u00e9cnicas de reda\u00e7\u00e3o.[\/vc_column_text][\/vc_column][vc_column width=&#8221;1\/3&#8243; css=&#8221;.vc_custom_1420194189656{padding-bottom: 40px;}&#8221;][vc_single_image image=&#8221;8314&#8243; img_size=&#8221;full&#8221; css=&#8221;.vc_custom_1661917486873{margin-bottom: 22px !important;}&#8221;][vc_custom_heading text=&#8221;IMPULSIONE SUAS REDES&#8221; font_container=&#8221;tag:h3|text_align:left|color:%232c3e50&#8243; google_fonts=&#8221;font_family:Lato%3A100%2C100italic%2C300%2C300italic%2Cregular%2Citalic%2C700%2C700italic%2C900%2C900italic|font_style:700%20bold%20regular%3A700%3Anormal&#8221; css=&#8221;.vc_custom_1661902840474{margin-bottom: 11px !important;}&#8221;][vc_column_text]Aprenda como atrair seguidores e clientes por meio das estrat\u00e9gias mais adequadas de impulsionamento de perfis e publica\u00e7\u00f5es.[\/vc_column_text][\/vc_column][vc_column width=&#8221;1\/3&#8243; css=&#8221;.vc_custom_1420194196795{padding-bottom: 40px;}&#8221;][vc_single_image image=&#8221;8315&#8243; img_size=&#8221;full&#8221; css=&#8221;.vc_custom_1661917496706{margin-bottom: 22px !important;}&#8221;][vc_custom_heading text=&#8221;UTILIZE O INBOUND MARKETING&#8221; font_container=&#8221;tag:h3|text_align:left|color:%232c3e50&#8243; google_fonts=&#8221;font_family:Lato%3A100%2C100italic%2C300%2C300italic%2Cregular%2Citalic%2C700%2C700italic%2C900%2C900italic|font_style:700%20bold%20regular%3A700%3Anormal&#8221; css=&#8221;.vc_custom_1661902904888{margin-bottom: 11px !important;}&#8221;][vc_column_text]Conhe\u00e7a as t\u00e9cnicas de Marketing de Atra\u00e7\u00e3o, crie um s\u00f3lido relacionamento com seu cliente por meio de conte\u00fados estrat\u00e9gicos e envolventes.[\/vc_column_text][\/vc_column][\/vc_row][vc_row type=&#8221;full-width-section&#8221; css=&#8221;.vc_custom_1420194810948{margin-bottom: 0px;border-top-width: 0px;border-bottom-width: 0px;padding-top: 100px;padding-bottom: 57px;border-top-style: solid;border-bottom-style: solid;}&#8221;][vc_column width=&#8221;1\/3&#8243; css=&#8221;.vc_custom_1420194157572{margin-bottom: 0px;padding-bottom: 40px;}&#8221;][vc_single_image image=&#8221;8316&#8243; img_size=&#8221;full&#8221; css=&#8221;.vc_custom_1661917513364{margin-bottom: 22px !important;}&#8221;][vc_custom_heading text=&#8221;TRABALHE COMO INFLUENCER&#8221; font_container=&#8221;tag:h3|text_align:left|color:%232c3e50&#8243; google_fonts=&#8221;font_family:Lato%3A100%2C100italic%2C300%2C300italic%2Cregular%2Citalic%2C700%2C700italic%2C900%2C900italic|font_style:700%20bold%20regular%3A700%3Anormal&#8221; css=&#8221;.vc_custom_1661902975585{margin-bottom: 11px !important;}&#8221;][vc_column_text]Aprenda a criar estrat\u00e9gias, aliando os objetivos de uma marca com o conte\u00fado dos criadores digitais para desenvolver campanhas mais eficientes.[\/vc_column_text][\/vc_column][vc_column width=&#8221;1\/3&#8243; css=&#8221;.vc_custom_1420194189656{padding-bottom: 40px;}&#8221;][vc_single_image image=&#8221;8317&#8243; img_size=&#8221;full&#8221; css=&#8221;.vc_custom_1661917528385{margin-bottom: 22px !important;}&#8221;][vc_custom_heading text=&#8221;M\u00c9TODO NA LATA&#8221; font_container=&#8221;tag:h3|text_align:left|color:%232c3e50&#8243; google_fonts=&#8221;font_family:Lato%3A100%2C100italic%2C300%2C300italic%2Cregular%2Citalic%2C700%2C700italic%2C900%2C900italic|font_style:700%20bold%20regular%3A700%3Anormal&#8221; css=&#8221;.vc_custom_1661903053275{margin-bottom: 11px !important;}&#8221;][vc_column_text]M\u00e9todo criado pela ag\u00eancia que trabalha h\u00e1 15 anos com marketing digital e j\u00e1 alcan\u00e7ou resultados impactantes dentro das redes sociais. (M\u00c9TODO SURPRESA)[\/vc_column_text][\/vc_column][vc_column width=&#8221;1\/3&#8243; css=&#8221;.vc_custom_1420194196795{padding-bottom: 40px;}&#8221;][vc_single_image image=&#8221;8318&#8243; img_size=&#8221;full&#8221; css=&#8221;.vc_custom_1661917540256{margin-bottom: 22px !important;}&#8221;][vc_custom_heading text=&#8221;ANALISE RESULTADOS&#8221; font_container=&#8221;tag:h3|text_align:left|color:%232c3e50&#8243; google_fonts=&#8221;font_family:Lato%3A100%2C100italic%2C300%2C300italic%2Cregular%2Citalic%2C700%2C700italic%2C900%2C900italic|font_style:700%20bold%20regular%3A700%3Anormal&#8221; css=&#8221;.vc_custom_1661903023407{margin-bottom: 11px !important;}&#8221;][vc_column_text]Aprenda a calcular ROI (Retorno sobre investimento), entenda como analisar m\u00e9tricas, trace KPIs e mensure os resultados de suas a\u00e7\u00f5es.[\/vc_column_text][\/vc_column][\/vc_row][vc_row type=&#8221;full-width-section&#8221; css=&#8221;.vc_custom_1420106569494{margin-bottom: 0px;border-top-width: 1px;border-bottom-width: 1px;padding-top: 91px;padding-bottom: 67px;background-color: #f9fafb;border-top-color: #ebebeb;border-top-style: solid;border-bottom-color: #ebebeb;border-bottom-style: solid;}&#8221;][vc_column css=&#8221;.vc_custom_1417256513856{margin-bottom: 0px;}&#8221;][vc_custom_heading text=&#8221;VAGAS PREENCHIDAS&#8221; font_container=&#8221;tag:h2|font_size:30|text_align:center|color:%232c3e50&#8243; google_fonts=&#8221;font_family:Lato%3A100%2C100italic%2C300%2C300italic%2Cregular%2Citalic%2C700%2C700italic%2C900%2C900italic|font_style:900%20bold%20regular%3A900%3Anormal&#8221; css=&#8221;.vc_custom_1661903522380{margin-bottom: 11px !important;}&#8221; el_class=&#8221;letterspacing-2-5&#8243;][vc_column_text css=&#8221;.vc_custom_1661903619828{margin-bottom: 46px !important;}&#8221;]<\/p>\n<p style=\"text-align: center;\">CURSO PRESENCIAL PARA POUCOS ALUNOS, N\u00c3O PERCA ESTA OPORTUNIDADE.<\/p>\n<p>[\/vc_column_text][vc_row_inner css=&#8221;.vc_custom_1417068953562{margin-bottom: 0px;}&#8221;][vc_column_inner css=&#8221;.vc_custom_1661903574409{padding-top: 30px !important;padding-right: 30px !important;padding-bottom: 30px !important;padding-left: 30px !important;}&#8221;]<style type=\"text\/css\" >#rd_1gert78qbxoyttgpbm6d {margin-top:0; margin-bottom:0;}#rd_1gert78qbxoyttgpbm6d .rd_pc_status{color:#2c3e50;}#rd_1gert78qbxoyttgpbm6d .rd_pc_heading{color:#2c3e50;}#rd_1gert78qbxoyttgpbm6d .rd_pc_text{color:;}<\/style><div class=\"rd_pie_05 rd_pie_chart \" id=\"rd_1gert78qbxoyttgpbm6d\"><div class=\"rd_count_to rd_pc_status\"><span class=\"count_number\" data-from=\"0\" data-to=\"85\" data-speed=\"1000\" data-refresh-interval=\"25\">0<\/span><span>%<\/span><\/div><canvas class=\"rd_pc_05\" width=\"520\" height=\"400\" data-percentage-value=\"85\" data-track-color=\"#ffffff\" data-bar-color=\"#1dd1ad\" data-bar-alt-color=\"#45d0ff\" data-ball-color=\"#2c3e50\">Your browser does not support the HTML5 canvas tag.<\/canvas><h3 class=\"rd_pc_heading\">RESTAM POUCAS VAGAS!<\/h3><\/div>[\/vc_column_inner][\/vc_row_inner]<div class=\"heading_box_sc_ctn\" style=\"margin:0px 0px 0px;\"><div class=\"heading_box_sc \" style=\"border-color:#1abc9c;\"><h3 style=\"border-color:#2c3e50; color:#084fa0; background:#ffffff\">25 DE SETEMBRO EM RIBEIR\u00c3O PRETO<\/h3><\/div><\/div>[\/vc_column][\/vc_row][vc_row type=&#8221;full-width-section&#8221; font_color=&#8221;#ffffff&#8221; css=&#8221;.vc_custom_1420108824334{margin-bottom: 0px;padding-top: 67px;padding-bottom: 76px;background-image: url(http:\/\/www.rd-themes.com\/TheFox\/wp-content\/uploads\/2014\/12\/bg_31.jpg?id=2416);background-position: center;background-repeat: no-repeat;background-size: cover;}&#8221;][vc_column][vc_custom_heading text=&#8221;INACREDIT\u00c1VEL &#8211; OFERTA \u00daNICA!&#8221; font_container=&#8221;tag:h2|font_size:36|text_align:center|color:%231b6687&#8243; google_fonts=&#8221;font_family:Lato%3A100%2C100italic%2C300%2C300italic%2Cregular%2Citalic%2C700%2C700italic%2C900%2C900italic|font_style:900%20bold%20regular%3A900%3Anormal&#8221; css=&#8221;.vc_custom_1661914990449{margin-bottom: 8px !important;}&#8221;][vc_custom_heading text=&#8221;DE R$867 POR APENAS R$150&#8243; font_container=&#8221;tag:h2|font_size:40|text_align:center|color:%23005ca3&#8243; google_fonts=&#8221;font_family:Lato%3A100%2C100italic%2C300%2C300italic%2Cregular%2Citalic%2C700%2C700italic%2C900%2C900italic|font_style:900%20bold%20regular%3A900%3Anormal&#8221; css=&#8221;.vc_custom_1661913813231{margin-bottom: 27px !important;}&#8221;]<style type=\"text\/css\" >#b_qnnqm2zwwnwas40226xk a{color:#ffffff; background:#1d66af; margin-top:0px; margin-bottom:0px;  margin-left:0px; margin-right:0px; font-weight:900; border-radius:0px;}#b_qnnqm2zwwnwas40226xk a:hover{color: ; background: ;}<\/style><div class=\"ta_center tf_btn_pos\" id=\"b_qnnqm2zwwnwas40226xk\" ><a class=\"rd_normal_bt xlarge_rd_bt rda_fadeIn \" href=\"https:\/\/mpago.la\/1Xort5s\" target=\"yes\"   >EU QUERO ME INSCREVER<\/a><\/div>[\/vc_column][\/vc_row]<\/p>\n","protected":false},"excerpt":{"rendered":"<p>[vc_row type=&#8221;full-width-section&#8221; css=&#8221;.vc_custom_1425214410676{margin-bottom: 0px !important;padding-top: 60px !important;padding-bottom: 60px !important;}&#8221; parallax_background=&#8221;&#8221;][vc_column][vc_custom_heading text=&#8221;PARAB\u00c9NS. VOC\u00ca J\u00c1 DEU O PRIMEIRO PASSO PARA MUDAR O SEU PERFIL NAS REDES SOCIAIS!&#8221; font_container=&#8221;tag:h1|font_size:36|text_align:center|color:%230171bc|line_height:30px&#8221; google_fonts=&#8221;font_family:Lato%3A100%2C100italic%2C300%2C300italic%2Cregular%2Citalic%2C700%2C700italic%2C900%2C900italic|font_style:900%20bold%20italic%3A900%3Aitalic&#8221; css=&#8221;.vc_custom_1661903230002{margin-bottom: 25px !important;}&#8221;][vc_column_text font_size=&#8221;24&#8243; line_height=&#8221;30&#8243; animation=&#8221;rda_fadeIn&#8221;] O QUE VOC\u00ca VAI APRENDER? [\/vc_column_text][\/vc_column][\/vc_row][vc_row type=&#8221;full-width-section&#8221; css=&#8221;.vc_custom_1661917624951{margin-bottom: 0px !important;border-top-width: 0px !important;border-bottom-width: 0px !important;padding-top: 50px !important;padding-bottom: 57px !important;border-top-style: solid !important;border-bottom-style: solid !important;}&#8221;][vc_column<br \/><a href=\"https:\/\/nalataconsultoria.com.br\/index.php\/metodonalata\/\" class=\"more\">Read more<\/a><\/p>\n","protected":false},"author":1,"featured_media":0,"parent":0,"menu_order":0,"comment_status":"closed","ping_status":"open","template":"","meta":{"footnotes":""},"class_list":["post-2426","page","type-page","status-publish","hentry"],"_links":{"self":[{"href":"https:\/\/nalataconsultoria.com.br\/index.php\/wp-json\/wp\/v2\/pages\/2426","targetHints":{"allow":["GET"]}}],"collection":[{"href":"https:\/\/nalataconsultoria.com.br\/index.php\/wp-json\/wp\/v2\/pages"}],"about":[{"href":"https:\/\/nalataconsultoria.com.br\/index.php\/wp-json\/wp\/v2\/types\/page"}],"author":[{"embeddable":true,"href":"https:\/\/nalataconsultoria.com.br\/index.php\/wp-json\/wp\/v2\/users\/1"}],"replies":[{"embeddable":true,"href":"https:\/\/nalataconsultoria.com.br\/index.php\/wp-json\/wp\/v2\/comments?post=2426"}],"version-history":[{"count":28,"href":"https:\/\/nalataconsultoria.com.br\/index.php\/wp-json\/wp\/v2\/pages\/2426\/revisions"}],"predecessor-version":[{"id":8321,"href":"https:\/\/nalataconsultoria.com.br\/index.php\/wp-json\/wp\/v2\/pages\/2426\/revisions\/8321"}],"wp:attachment":[{"href":"https:\/\/nalataconsultoria.com.br\/index.php\/wp-json\/wp\/v2\/media?parent=2426"}],"curies":[{"name":"wp","href":"https:\/\/api.w.org\/{rel}","templated":true}]}}