{"id":26,"date":"2019-05-22T13:32:15","date_gmt":"2019-05-22T16:32:15","guid":{"rendered":"http:\/\/nalataconsultoria.com.br\/?page_id=26"},"modified":"2020-03-20T15:20:03","modified_gmt":"2020-03-20T18:20:03","slug":"orcamento","status":"publish","type":"page","link":"https:\/\/nalataconsultoria.com.br\/index.php\/orcamento\/","title":{"rendered":"Or\u00e7amento"},"content":{"rendered":"\r\n<style type=\"text\/css\">\r\n\r\n\r\n\r\n\tbody #wpforms-7812 .wpforms-head-container .wpforms-title {\r\n\tcolor:#000000 ;\t}\r\n\r\n\tbody #wpforms-7812 .wpforms-head-container .wpforms-description {\r\n\t\tcolor:#000000 ;\t\tdisplay:block;\r\n\t}\r\n\r\n\r\n\r\n\r\n\tbody #wpforms-7812 .wpforms-form .wpforms-field input[type=text],\r\n\tbody #wpforms-7812 .wpforms-form .wpforms-field input[type=email],\r\n\tbody #wpforms-7812 .wpforms-form .wpforms-field input[type=tel],\r\n\tbody #wpforms-7812 .wpforms-form .wpforms-field input[type=url],\r\n\tbody #wpforms-7812 .wpforms-form .wpforms-field input[type=password],\r\n\tbody #wpforms-7812 .wpforms-form .wpforms-field input[type=number]\r\n\t{\r\n\t\tcolor:#000000 ;\t\tborder-width: 1px;\t}\r\n\tbody #wpforms-7812 .wpforms-form .wpforms-field .wpforms-field-row\r\n\t{\r\n\t\t\t}\r\n\t\r\n\r\n\r\n \r\n\tbody #wpforms-7812 .wpforms-form .wpforms-field select {\r\n\r\n\t\tcolor:#000000 ;\t\tborder-width: 1px;\t}\r\n\r\n \r\n\tbody #wpforms-7812 .wpforms-form .wpforms-field-radio li label,\r\n\tbody #wpforms-7812 .wpforms-form .wpforms-field-payment-multiple li label {\r\n\t\tcolor:#000000 ;\t}\r\n \r\n\tbody #wpforms-7812 .wpforms-form .wpforms-field-checkbox li label {\r\n\t\tcolor:#000000 ;\t}\r\n \r\n\tbody #wpforms-7812 .wpforms-form .wpforms-field .wpforms-field-description {\r\n\r\n\t\tcolor:#000000 ;\t}\r\n \r\n\tbody #wpforms-7812 .wpforms-form .wpforms-field label.wpforms-field-label {\r\n\t\tcolor:#000000 ;\t}\r\n\r\n\/* Styling for Tablets *\/\r\n@media only screen and (max-width: 800px) and (min-width:481px) {\r\n\t\r\n\r\n\r\n\r\n}\r\n\r\n@media only screen and (max-width: 480px){\r\n\t\r\n\r\n\r\n\r\n}\r\n\/*Option to add custom CSS *\/\r\n\r\n\r\n\r\n\r\n\t\t<\/style>\r\n\t\t<div class=\"wpforms-container wpforms-container-full\" id=\"wpforms-7812\"><form id=\"wpforms-form-7812\" class=\"wpforms-validate wpforms-form\" data-formid=\"7812\" method=\"post\" enctype=\"multipart\/form-data\" action=\"\/index.php\/wp-json\/wp\/v2\/pages\/26\"><noscript class=\"wpforms-error-noscript\">Please enable JavaScript in your browser to complete this form.<\/noscript><div class=\"wpforms-field-container\"><div id=\"wpforms-7812-field_0-container\" class=\"wpforms-field wpforms-field-name\" data-field-id=\"0\"><label class=\"wpforms-field-label\" for=\"wpforms-7812-field_0\">Nome <span class=\"wpforms-required-label\">*<\/span><\/label><input type=\"text\" id=\"wpforms-7812-field_0\" class=\"wpforms-field-medium wpforms-field-required\" name=\"wpforms[fields][0]\" required><\/div><div id=\"wpforms-7812-field_5-container\" class=\"wpforms-field wpforms-field-number\" data-field-id=\"5\"><label class=\"wpforms-field-label\" for=\"wpforms-7812-field_5\">Telefone <span class=\"wpforms-required-label\">*<\/span><\/label><input type=\"number\" pattern=\"[0-9]*\" id=\"wpforms-7812-field_5\" class=\"wpforms-field-medium wpforms-field-required\" name=\"wpforms[fields][5]\" required><\/div><div id=\"wpforms-7812-field_1-container\" class=\"wpforms-field wpforms-field-email\" data-field-id=\"1\"><label class=\"wpforms-field-label\" for=\"wpforms-7812-field_1\">Email <span class=\"wpforms-required-label\">*<\/span><\/label><input type=\"email\" id=\"wpforms-7812-field_1\" class=\"wpforms-field-medium wpforms-field-required\" name=\"wpforms[fields][1]\" required><\/div><div id=\"wpforms-7812-field_6-container\" class=\"wpforms-field wpforms-field-checkbox\" data-field-id=\"6\"><label class=\"wpforms-field-label\" for=\"wpforms-7812-field_6\">Assunto <span class=\"wpforms-required-label\">*<\/span><\/label><ul id=\"wpforms-7812-field_6\" class=\"wpforms-field-required\"><li class=\"choice-1 depth-1\"><input type=\"checkbox\" id=\"wpforms-7812-field_6_1\" name=\"wpforms[fields][6][]\" value=\"Marketing Digital\" required ><label class=\"wpforms-field-label-inline\" for=\"wpforms-7812-field_6_1\">Marketing Digital<\/label><\/li><li class=\"choice-2 depth-1\"><input type=\"checkbox\" id=\"wpforms-7812-field_6_2\" name=\"wpforms[fields][6][]\" value=\"Cria\u00e7\u00e3o de Artes\/Logos\" required ><label class=\"wpforms-field-label-inline\" for=\"wpforms-7812-field_6_2\">Cria\u00e7\u00e3o de Artes\/Logos<\/label><\/li><li class=\"choice-3 depth-1\"><input type=\"checkbox\" id=\"wpforms-7812-field_6_3\" name=\"wpforms[fields][6][]\" value=\"Cria\u00e7\u00e3o\/Manuten\u00e7\u00e3o de Sites\" required ><label class=\"wpforms-field-label-inline\" for=\"wpforms-7812-field_6_3\">Cria\u00e7\u00e3o\/Manuten\u00e7\u00e3o de Sites<\/label><\/li><li class=\"choice-4 depth-1\"><input type=\"checkbox\" id=\"wpforms-7812-field_6_4\" name=\"wpforms[fields][6][]\" value=\"Gr\u00e1fica Digital\" required ><label class=\"wpforms-field-label-inline\" for=\"wpforms-7812-field_6_4\">Gr\u00e1fica Digital<\/label><\/li><li class=\"choice-5 depth-1\"><input type=\"checkbox\" id=\"wpforms-7812-field_6_5\" name=\"wpforms[fields][6][]\" value=\"Outros Assuntos\" required ><label class=\"wpforms-field-label-inline\" for=\"wpforms-7812-field_6_5\">Outros Assuntos<\/label><\/li><\/ul><\/div><div id=\"wpforms-7812-field_2-container\" class=\"wpforms-field wpforms-field-textarea\" data-field-id=\"2\"><label class=\"wpforms-field-label\" for=\"wpforms-7812-field_2\">Mensagem <span class=\"wpforms-required-label\">*<\/span><\/label><textarea id=\"wpforms-7812-field_2\" class=\"wpforms-field-medium wpforms-field-required\" name=\"wpforms[fields][2]\" required><\/textarea><\/div><\/div><div class=\"wpforms-field wpforms-field-hp\"><label for=\"wpforms-7812-field-hp\" class=\"wpforms-field-label\">Name<\/label><input type=\"text\" name=\"wpforms[hp]\" id=\"wpforms-7812-field-hp\" class=\"wpforms-field-medium\"><\/div><div class=\"wpforms-submit-container\" ><input type=\"hidden\" name=\"wpforms[id]\" value=\"7812\"><input type=\"hidden\" name=\"wpforms[author]\" value=\"1\"><button type=\"submit\" name=\"wpforms[submit]\" class=\"wpforms-submit \" id=\"wpforms-submit-7812\" value=\"wpforms-submit\" aria-live=\"assertive\" data-alt-text=\"Enviar\" data-submit-text=\"Enviar\">Enviar<\/button><\/div><\/form><\/div>  <!-- .wpforms-container -->\n","protected":false},"excerpt":{"rendered":"<p>Please enable JavaScript in your browser to complete this form.Nome *Telefone *Email *Assunto *Marketing DigitalCria\u00e7\u00e3o de Artes\/LogosCria\u00e7\u00e3o\/Manuten\u00e7\u00e3o de SitesGr\u00e1fica DigitalOutros AssuntosMensagem *NameEnviar<br \/><a href=\"https:\/\/nalataconsultoria.com.br\/index.php\/orcamento\/\" class=\"more\">Read more<\/a><\/p>\n","protected":false},"author":1,"featured_media":0,"parent":0,"menu_order":0,"comment_status":"closed","ping_status":"closed","template":"","meta":{"footnotes":""},"class_list":["post-26","page","type-page","status-publish","hentry"],"_links":{"self":[{"href":"https:\/\/nalataconsultoria.com.br\/index.php\/wp-json\/wp\/v2\/pages\/26","targetHints":{"allow":["GET"]}}],"collection":[{"href":"https:\/\/nalataconsultoria.com.br\/index.php\/wp-json\/wp\/v2\/pages"}],"about":[{"href":"https:\/\/nalataconsultoria.com.br\/index.php\/wp-json\/wp\/v2\/types\/page"}],"author":[{"embeddable":true,"href":"https:\/\/nalataconsultoria.com.br\/index.php\/wp-json\/wp\/v2\/users\/1"}],"replies":[{"embeddable":true,"href":"https:\/\/nalataconsultoria.com.br\/index.php\/wp-json\/wp\/v2\/comments?post=26"}],"version-history":[{"count":3,"href":"https:\/\/nalataconsultoria.com.br\/index.php\/wp-json\/wp\/v2\/pages\/26\/revisions"}],"predecessor-version":[{"id":7813,"href":"https:\/\/nalataconsultoria.com.br\/index.php\/wp-json\/wp\/v2\/pages\/26\/revisions\/7813"}],"wp:attachment":[{"href":"https:\/\/nalataconsultoria.com.br\/index.php\/wp-json\/wp\/v2\/media?parent=26"}],"curies":[{"name":"wp","href":"https:\/\/api.w.org\/{rel}","templated":true}]}}