{"id":6421,"date":"2015-02-27T13:40:37","date_gmt":"2015-02-27T05:40:37","guid":{"rendered":"http:\/\/www.rd-themes.com\/TheFox\/?page_id=6421"},"modified":"2015-02-27T13:40:37","modified_gmt":"2015-02-27T05:40:37","slug":"portfolio-classic-01-2","status":"publish","type":"page","link":"https:\/\/nalataconsultoria.com.br\/index.php\/portfolio-classic-01-2\/","title":{"rendered":"Portfolio Classic 01"},"content":{"rendered":"<p>[vc_row][vc_column width=&#8221;1\/1&#8243;]<script>jQuery.noConflict(); var $ = jQuery; <\/script><div id=\"randomy5phjzv4iga8fcr53zwk_port\" class=\"portfolio\"><style type=\"text\/css\" >#randomy5phjzv4iga8fcr53zwk_port .filter_type_7 #options .selected a,#randomy5phjzv4iga8fcr53zwk_port .filter_type_7 .portfolio_sorts a,#randomy5phjzv4iga8fcr53zwk_port .filter_type_7 .portfolio_sorts .is-checked{color:#1abc9c !important; }#randomy5phjzv4iga8fcr53zwk_port .filter_type_7 .portfolio_sorts a,#randomy5phjzv4iga8fcr53zwk_port .filter_type_7 #sorts{border:1px solid #ecf0f1;}#randomy5phjzv4iga8fcr53zwk_port .filter_type_7{border-top:1px solid #ecf0f1; border-bottom:double 3px #ecf0f1;}#randomy5phjzv4iga8fcr53zwk_port .filter_type_7 #options a{background:rgba(255,255,255,0);}#randomy5phjzv4iga8fcr53zwk_port .filter_type_7 #sorts,#randomy5phjzv4iga8fcr53zwk_port .filter_type_7 .portfolio_sorts a{background:#ffffff !important;}#randomy5phjzv4iga8fcr53zwk_port .filter_type_7 #options a,#randomy5phjzv4iga8fcr53zwk_port .filter_type_7 #sorts{color:#a1b1bc}<\/style><style type=\"text\/css\" >#randomy5phjzv4iga8fcr53zwk_port .portfolio_desc{ position:absolute; bottom:10%; width:100%; height:40px; padding:0; border:none!important; background:none!important; text-align:center; z-index:3; opacity:0;}#randomy5phjzv4iga8fcr53zwk_port .element:hover .portfolio_desc{opacity:1; bottom:50%;}#randomy5phjzv4iga8fcr53zwk_port  .element:hover .img_link{left:4px;  opacity:1;}#randomy5phjzv4iga8fcr53zwk_port  .element:hover .post_link{right:4px; opacity:1;}#randomy5phjzv4iga8fcr53zwk_port .element:hover .port_overlay,.portfolio_desc:hover .port_overlay{ opacity:1; background: #21c4f0;  background: -moz-linear-gradient(left, #21c4f0 0%, #20d4ba 100%);  background: -webkit-gradient(linear, left top, right top, color-stop(0%,#21c4f0), color-stop(100%,#20d4ba)); background: -webkit-linear-gradient(left, #21c4f0 0%,#20d4ba 100%);  background: -o-linear-gradient(left, #21c4f0 0%,#20d4ba 100%); \/* Opera 11.10+ *\/ background: -ms-linear-gradient(left, #21c4f0 0%,#20d4ba 100%);  background: linear-gradient(to right, #21c4f0 0%,#20d4ba 100%);  filter: progid:DXImageTransform.Microsoft.gradient( startColorstr=\"#21c4f0\", endColorstr=\"#20d4ba\",GradientType=1 );  }#randomy5phjzv4iga8fcr53zwk_port .portfolio_desc h2 a,#randomy5phjzv4iga8fcr53zwk_port .portfolio_desc h3{color:#ffffff !important}#randomy5phjzv4iga8fcr53zwk_port .portfolio_desc{margin-bottom:-55px;}.img_link,.post_link{margin-top:-55px;}<\/style><style type=\"text\/css\" >#randomy5phjzv4iga8fcr53zwk_port .filter_img{border-right:1px solid #ecf0f1;}#randomy5phjzv4iga8fcr53zwk_port .item_details_info{border-top:1px solid #ecf0f1; border-bottom:1px solid #ecf0f1; }#randomy5phjzv4iga8fcr53zwk_port .port_item_details {background:#ffffff}#randomy5phjzv4iga8fcr53zwk_port .port_item_details a h2{color:#2c3e50}#randomy5phjzv4iga8fcr53zwk_port .port_item_details h3,#randomy5phjzv4iga8fcr53zwk_port .port_item_details{color:#a1b1bc}#randomy5phjzv4iga8fcr53zwk_port .view-portfolio-item{color:#2c3e50; border:1px solid #2c3e50; background:#ffffff;}#randomy5phjzv4iga8fcr53zwk_port .view-portfolio-pp{color:#ffffff; border:1px solid #2c3e50; background:#2c3e50;}#randomy5phjzv4iga8fcr53zwk_port .element:hover .filter_img{border-right:1px solid #2c3e50;}#randomy5phjzv4iga8fcr53zwk_port .element:hover .item_details_info{border-top:1px solid #2c3e50; border-bottom:1px solid #2c3e50; }#randomy5phjzv4iga8fcr53zwk_port .element:hover .port_item_details {background:#2c3e50}#randomy5phjzv4iga8fcr53zwk_port .element:hover .port_item_details a h2{color:#ffffff}#randomy5phjzv4iga8fcr53zwk_port .element:hover .port_item_details h3,#randomy5phjzv4iga8fcr53zwk_port .element:hover .port_item_details{color:#a1b1bc}#randomy5phjzv4iga8fcr53zwk_port .element:hover .view-portfolio-item{color:#ffffff; border:1px solid #1abc9c; background:#1abc9c;}#randomy5phjzv4iga8fcr53zwk_port .element:hover .view-portfolio-pp{color:#2c3e50; border:1px solid #ffffff; background:#ffffff;}<\/style><style type=\"text\/css\" >#randomy5phjzv4iga8fcr53zwk_port .filter_img{border-right:1px solid #ecf0f1;}#randomy5phjzv4iga8fcr53zwk_port .item_details_info{border-top:1px solid #ecf0f1; border-bottom:1px solid #ecf0f1; }#randomy5phjzv4iga8fcr53zwk_port .port_item_details{border-right:1px solid #ecf0f1; border-bottom:1px solid #ecf0f1; }#randomy5phjzv4iga8fcr53zwk_port .element:first-child .port_item_details {border-top:1px solid #ecf0f1;}#randomy5phjzv4iga8fcr53zwk_port .port_item_details {background:#ffffff}#randomy5phjzv4iga8fcr53zwk_port .port_item_details a h2{color:#2c3e50}#randomy5phjzv4iga8fcr53zwk_port .port_item_details h3,#randomy5phjzv4iga8fcr53zwk_port .port_item_details{color:#a1b1bc}#randomy5phjzv4iga8fcr53zwk_port .view-portfolio-item{color:#2c3e50; border:1px solid #2c3e50; background:#ffffff;}#randomy5phjzv4iga8fcr53zwk_port .view-portfolio-pp{color:#ffffff; border:1px solid #2c3e50; background:#2c3e50;}#randomy5phjzv4iga8fcr53zwk_port .element:hover .filter_img{border-right:1px solid #2c3e50;}#randomy5phjzv4iga8fcr53zwk_port .element:hover .item_details_info{border-top:1px solid #2c3e50; border-bottom:1px solid #2c3e50; }#randomy5phjzv4iga8fcr53zwk_port .element:hover .port_item_details {background:#2c3e50}#randomy5phjzv4iga8fcr53zwk_port .element:hover .port_item_details a h2{color:#ffffff}#randomy5phjzv4iga8fcr53zwk_port .element:hover .port_item_details h3,#randomy5phjzv4iga8fcr53zwk_port .element:hover .port_item_details{color:#a1b1bc}#randomy5phjzv4iga8fcr53zwk_port .element:hover .view-portfolio-item{color:#ffffff; border:1px solid #1abc9c; background:#1abc9c;}#randomy5phjzv4iga8fcr53zwk_port .element:hover .view-portfolio-pp{color:#2c3e50; border:1px solid #ffffff; background:#ffffff;}<\/style>\r\n\t\t\t\t<div id=\"portfolio-tags\" class=\"filter_type_7\">\r\n\t\t\t\t<ul class=\"splitter\" id=\"options\"><li><ul class=\"optionset\" data-option-key=\"filter\"><li class=\"selected\"><a href=\"#filter\" data-option-value=\"*\">All<\/a>\r\n\t\t<\/li><li ><a href=\"#filter\" data-option-value=\".photography\" title=\"View all post filed under Cria\u00e7\u00e3o Logotipos\">Cria\u00e7\u00e3o Logotipos<\/a>\r\n                <\/li> <li ><a href=\"#filter\" data-option-value=\".portfolios\" title=\"View all post filed under PORTF\u00d3LIO\">PORTF\u00d3LIO<\/a>\r\n                <\/li><\/ul>      <\/li>        \t\t<li class=\"portfolio_sorts\"><a>Sort by<\/a><ul id=\"sorts\"  class=\"button-group\"><li data-sort-by=\"\">default<\/li><li data-sort-by=\"date\">date<\/li><li data-sort-by=\"name\">name<\/li><\/ul><\/li>\r\n\t\t\t<\/ul><\/div><div class=\"portfolio_block image-grid columns1 port_type_7 rd_hover_gradient thumbnail_type_1\" id=\"list\"><div data-category=\"photography \" class=\"photography  element\">\r\n\t\t<div class=\"filter_img\">\r\n\t\t<div class=\"port_thumb_ctn\">\r\n\t\t<div class=\"port_overlay\"><\/div>\r\n        <a _self href=\"https:\/\/nalataconsultoria.com.br\/index.php\/project\/great-concert-2\/\" target=\"_self\" class=\"ico_link\"><img loading=\"lazy\" decoding=\"async\" width=\"800\" height=\"380\" src=\"https:\/\/nalataconsultoria.com.br\/wp-content\/uploads\/2015\/02\/portfolio3-800x380.jpg\" class=\"attachment-portfolio_classic size-portfolio_classic wp-post-image\" alt=\"\" \/>\r\n\t\t<\/a><figcaption><div>\r\n\t\t<h2>D-Nice Truck<\/h2>\r\n\t\t<p>cria\u00e7\u00e3o logotipos <\/p>\r\n\t\t<\/div>\r\n\t\t<a href=\"https:\/\/nalataconsultoria.com.br\/index.php\/project\/great-concert-2\/\" target=\"_self\">View more<\/a>\r\n\t\t<\/figcaption><a href=\"https:\/\/nalataconsultoria.com.br\/wp-content\/uploads\/2015\/02\/portfolio3.jpg\" class=\"prettyPhoto port_img_link\"><span class='img_link'><\/span><\/a><a href='https:\/\/nalataconsultoria.com.br\/index.php\/project\/great-concert-2\/' target='_self' class='port_post_link'><span class='post_link'><h2 class='fw_port_link'>D-Nice Truck<\/h2><h3 class='fw_port_tag'>cria\u00e7\u00e3o logotipos <\/h3><\/span><\/a><div class=\"portfolio_desc\">\r\n\t\t<h2><a href=\"https:\/\/nalataconsultoria.com.br\/index.php\/project\/great-concert-2\/\" target=\"_self\">D-Nice Truck<\/a><\/h2>\r\n\t\t<h3>cria\u00e7\u00e3o logotipos <\/h3>\r\n        <\/div>\r\n\t\t<\/div><!-- port_thumb_ctn END -->\r\n\t\t<\/div><!-- Filter img END -->\r\n\t\t<div class=\"port_item_details\"><a href=\"https:\/\/nalataconsultoria.com.br\/index.php\/project\/great-concert-2\/\" target=\"_self\"><h2>D-Nice Truck<\/h2><\/a><h3>cria\u00e7\u00e3o logotipos <\/h3>\r\n\t\t<div class=\"item_details_info\"><div class=\"item_details_date\">16 de Fevereiro de 2015<\/div><a href=\"#\" class=\"zilla-likes\" id=\"zilla-likes-5554\" title=\"Like this\"><span class=\"zilla-likes-count\">2<\/span> <span class=\"zilla-likes-postfix\"><\/span><\/a><\/div><div class=\"port_small_excerpt\"><p>Curabitur eleifend ex a iaculis pretium. Fusce accumsan consequat velit. Integer elementum eu elit at volutpat. Etiam lorem massa, aliquet eget porttitor at, hendrerit id massa. Maecenas aliquam velit at est blandit.<\/p>\n<p><\/p><div class=\"port_project_buttons\"><a href=\"http:\/\/www.thefoxdummy.wpengine.com\" target=\"_blank\" class=\"view-portfolio-pp\">Launch Project<\/a><a class=\"view-portfolio-item\" href=\"https:\/\/nalataconsultoria.com.br\/index.php\/project\/great-concert-2\/\" target=\"_self\">View More<\/a><\/div><\/div>\r\n\t\t<\/div><div class=\"portfolio_sub_info\"><div class=\"isotope_portfolio_name\">D-Nice Truck<\/div><div class=\"isotope_portfolio_date\">2015-02-16<\/div><\/div><\/div><!-- element END --><div data-category=\"portfolios \" class=\"portfolios  element\">\r\n\t\t<div class=\"filter_img\">\r\n\t\t<div class=\"port_thumb_ctn\">\r\n\t\t<div class=\"port_overlay\"><\/div>\r\n        <a _self href=\"https:\/\/nalataconsultoria.com.br\/index.php\/project\/basic-stationery\/\" target=\"_self\" class=\"ico_link\"><img loading=\"lazy\" decoding=\"async\" width=\"800\" height=\"380\" src=\"https:\/\/nalataconsultoria.com.br\/wp-content\/uploads\/2015\/01\/vc-drone-800x380.jpg\" class=\"attachment-portfolio_classic size-portfolio_classic wp-post-image\" alt=\"\" \/>\r\n\t\t<\/a><figcaption><div>\r\n\t\t<h2>VC DRONE<\/h2>\r\n\t\t<p>portf\u00d3lio <\/p>\r\n\t\t<\/div>\r\n\t\t<a href=\"https:\/\/nalataconsultoria.com.br\/index.php\/project\/basic-stationery\/\" target=\"_self\">View more<\/a>\r\n\t\t<\/figcaption><a href=\"https:\/\/nalataconsultoria.com.br\/wp-content\/uploads\/2015\/01\/vc-drone.jpg\" class=\"prettyPhoto port_img_link\"><span class='img_link'><\/span><\/a><a href='https:\/\/nalataconsultoria.com.br\/index.php\/project\/basic-stationery\/' target='_self' class='port_post_link'><span class='post_link'><h2 class='fw_port_link'>VC DRONE<\/h2><h3 class='fw_port_tag'>portf\u00d3lio <\/h3><\/span><\/a><div class=\"portfolio_desc\">\r\n\t\t<h2><a href=\"https:\/\/nalataconsultoria.com.br\/index.php\/project\/basic-stationery\/\" target=\"_self\">VC DRONE<\/a><\/h2>\r\n\t\t<h3>portf\u00d3lio <\/h3>\r\n        <\/div>\r\n\t\t<\/div><!-- port_thumb_ctn END -->\r\n\t\t<\/div><!-- Filter img END -->\r\n\t\t<div class=\"port_item_details\"><a href=\"https:\/\/nalataconsultoria.com.br\/index.php\/project\/basic-stationery\/\" target=\"_self\"><h2>VC DRONE<\/h2><\/a><h3>portf\u00d3lio <\/h3>\r\n\t\t<div class=\"item_details_info\"><div class=\"item_details_date\">9 de Janeiro de 2015<\/div><a href=\"#\" class=\"zilla-likes\" id=\"zilla-likes-2993\" title=\"Like this\"><span class=\"zilla-likes-count\">1<\/span> <span class=\"zilla-likes-postfix\"><\/span><\/a><\/div><div class=\"port_small_excerpt\"><p>Curabitur eleifend ex a iaculis pretium. Fixe a bateria em consequ\u00eancia. Integer elementum eu elit and volutpat. Etiam lorem massa, aliquet eget porttitor e, hendrerit id massa. Alecam alecam velec e est blandit.<\/p>\n<p><\/p><div class=\"port_project_buttons\"><a class=\"view-portfolio-item\" href=\"https:\/\/nalataconsultoria.com.br\/index.php\/project\/basic-stationery\/\" target=\"_self\">View More<\/a><\/div><\/div>\r\n\t\t<\/div><div class=\"portfolio_sub_info\"><div class=\"isotope_portfolio_name\">VC DRONE<\/div><div class=\"isotope_portfolio_date\">2015-01-09<\/div><\/div><\/div><!-- element END --><div data-category=\"portfolios \" class=\"portfolios  element\">\r\n\t\t<div class=\"filter_img\">\r\n\t\t<div class=\"port_thumb_ctn\">\r\n\t\t<div class=\"port_overlay\"><\/div>\r\n        <a _self href=\"https:\/\/nalataconsultoria.com.br\/index.php\/project\/sharing-card\/\" target=\"_self\" class=\"ico_link\"><img loading=\"lazy\" decoding=\"async\" width=\"800\" height=\"380\" src=\"https:\/\/nalataconsultoria.com.br\/wp-content\/uploads\/2015\/01\/carros-800x380.jpg\" class=\"attachment-portfolio_classic size-portfolio_classic wp-post-image\" alt=\"\" \/>\r\n\t\t<\/a><figcaption><div>\r\n\t\t<h2>CARROS ANTIGOS ACASAA<\/h2>\r\n\t\t<p>portf\u00d3lio <\/p>\r\n\t\t<\/div>\r\n\t\t<a href=\"https:\/\/nalataconsultoria.com.br\/index.php\/project\/sharing-card\/\" target=\"_self\">View more<\/a>\r\n\t\t<\/figcaption><a href=\"https:\/\/nalataconsultoria.com.br\/wp-content\/uploads\/2015\/01\/carros.jpg\" class=\"prettyPhoto port_img_link\"><span class='img_link'><\/span><\/a><a href='https:\/\/nalataconsultoria.com.br\/index.php\/project\/sharing-card\/' target='_self' class='port_post_link'><span class='post_link'><h2 class='fw_port_link'>CARROS ANTIGOS ACASAA<\/h2><h3 class='fw_port_tag'>portf\u00d3lio <\/h3><\/span><\/a><div class=\"portfolio_desc\">\r\n\t\t<h2><a href=\"https:\/\/nalataconsultoria.com.br\/index.php\/project\/sharing-card\/\" target=\"_self\">CARROS ANTIGOS ACASAA<\/a><\/h2>\r\n\t\t<h3>portf\u00d3lio <\/h3>\r\n        <\/div>\r\n\t\t<\/div><!-- port_thumb_ctn END -->\r\n\t\t<\/div><!-- Filter img END -->\r\n\t\t<div class=\"port_item_details\"><a href=\"https:\/\/nalataconsultoria.com.br\/index.php\/project\/sharing-card\/\" target=\"_self\"><h2>CARROS ANTIGOS ACASAA<\/h2><\/a><h3>portf\u00d3lio <\/h3>\r\n\t\t<div class=\"item_details_info\"><div class=\"item_details_date\">9 de Janeiro de 2015<\/div><a href=\"#\" class=\"zilla-likes\" id=\"zilla-likes-2991\" title=\"Like this\"><span class=\"zilla-likes-count\">1<\/span> <span class=\"zilla-likes-postfix\"><\/span><\/a><\/div><div class=\"port_small_excerpt\"><p>Curabitur eleifend ex a iaculis pretium. Fixe a bateria em conseq\u00fc\u00eancia. Integer elementum eu elit e volutpat. Etiam lorem massa, al\u00edquota eget porttitor e, hendrerit id massa. Alecam alecam velec e \u00e9 sem gra\u00e7a.<\/p>\n<p><\/p><div class=\"port_project_buttons\"><a class=\"view-portfolio-item\" href=\"https:\/\/nalataconsultoria.com.br\/index.php\/project\/sharing-card\/\" target=\"_self\">View More<\/a><\/div><\/div>\r\n\t\t<\/div><div class=\"portfolio_sub_info\"><div class=\"isotope_portfolio_name\">CARROS ANTIGOS ACASAA<\/div><div class=\"isotope_portfolio_date\">2015-01-09<\/div><\/div><\/div><!-- element END --><div data-category=\"portfolios \" class=\"portfolios  element\">\r\n\t\t<div class=\"filter_img\">\r\n\t\t<div class=\"port_thumb_ctn\">\r\n\t\t<div class=\"port_overlay\"><\/div>\r\n        <a _self href=\"https:\/\/nalataconsultoria.com.br\/index.php\/project\/explaining-the-ios-block\/\" target=\"_self\" class=\"ico_link\"><img loading=\"lazy\" decoding=\"async\" width=\"800\" height=\"380\" src=\"https:\/\/nalataconsultoria.com.br\/wp-content\/uploads\/2015\/01\/MANGALARGA-800x380.jpg\" class=\"attachment-portfolio_classic size-portfolio_classic wp-post-image\" alt=\"\" \/>\r\n\t\t<\/a><figcaption><div>\r\n\t\t<h2>MANGALARGA DAY<\/h2>\r\n\t\t<p>portf\u00d3lio <\/p>\r\n\t\t<\/div>\r\n\t\t<a href=\"https:\/\/nalataconsultoria.com.br\/index.php\/project\/explaining-the-ios-block\/\" target=\"_self\">View more<\/a>\r\n\t\t<\/figcaption><a href=\"https:\/\/nalataconsultoria.com.br\/wp-content\/uploads\/2015\/01\/MANGALARGA.jpg\" class=\"prettyPhoto port_img_link\"><span class='img_link'><\/span><\/a><a href='https:\/\/nalataconsultoria.com.br\/index.php\/project\/explaining-the-ios-block\/' target='_self' class='port_post_link'><span class='post_link'><h2 class='fw_port_link'>MANGALARGA DAY<\/h2><h3 class='fw_port_tag'>portf\u00d3lio <\/h3><\/span><\/a><div class=\"portfolio_desc\">\r\n\t\t<h2><a href=\"https:\/\/nalataconsultoria.com.br\/index.php\/project\/explaining-the-ios-block\/\" target=\"_self\">MANGALARGA DAY<\/a><\/h2>\r\n\t\t<h3>portf\u00d3lio <\/h3>\r\n        <\/div>\r\n\t\t<\/div><!-- port_thumb_ctn END -->\r\n\t\t<\/div><!-- Filter img END -->\r\n\t\t<div class=\"port_item_details\"><a href=\"https:\/\/nalataconsultoria.com.br\/index.php\/project\/explaining-the-ios-block\/\" target=\"_self\"><h2>MANGALARGA DAY<\/h2><\/a><h3>portf\u00d3lio <\/h3>\r\n\t\t<div class=\"item_details_info\"><div class=\"item_details_date\">9 de Janeiro de 2015<\/div><a href=\"#\" class=\"zilla-likes\" id=\"zilla-likes-2989\" title=\"Like this\"><span class=\"zilla-likes-count\">1<\/span> <span class=\"zilla-likes-postfix\"><\/span><\/a><\/div><div class=\"port_small_excerpt\"><p>Curabitur eleifend ex a iaculis pretium. Fixe a bateria em conseq\u00fc\u00eancia. Integer elementum eu elit e volutpat. Etiam lorem massa, al\u00edquota eget porttitor e, hendrerit id massa. Alecam alecam velec e \u00e9 sem gra\u00e7a.<\/p>\n<p><\/p><div class=\"port_project_buttons\"><a class=\"view-portfolio-item\" href=\"https:\/\/nalataconsultoria.com.br\/index.php\/project\/explaining-the-ios-block\/\" target=\"_self\">View More<\/a><\/div><\/div>\r\n\t\t<\/div><div class=\"portfolio_sub_info\"><div class=\"isotope_portfolio_name\">MANGALARGA DAY<\/div><div class=\"isotope_portfolio_date\">2015-01-09<\/div><\/div><\/div><!-- element END --><div data-category=\"portfolios \" class=\"portfolios  element\">\r\n\t\t<div class=\"filter_img\">\r\n\t\t<div class=\"port_thumb_ctn\">\r\n\t\t<div class=\"port_overlay\"><\/div>\r\n        <a _self href=\"https:\/\/nalataconsultoria.com.br\/index.php\/project\/single-cup\/\" target=\"_self\" class=\"ico_link\"><img loading=\"lazy\" decoding=\"async\" width=\"800\" height=\"380\" src=\"https:\/\/nalataconsultoria.com.br\/wp-content\/uploads\/2015\/01\/LUCAS-800x380.jpg\" class=\"attachment-portfolio_classic size-portfolio_classic wp-post-image\" alt=\"\" \/>\r\n\t\t<\/a><figcaption><div>\r\n\t\t<h2>LUCAS &#038; LUAN<\/h2>\r\n\t\t<p>portf\u00d3lio <\/p>\r\n\t\t<\/div>\r\n\t\t<a href=\"https:\/\/nalataconsultoria.com.br\/index.php\/project\/single-cup\/\" target=\"_self\">View more<\/a>\r\n\t\t<\/figcaption><a href=\"https:\/\/nalataconsultoria.com.br\/wp-content\/uploads\/2015\/01\/LUCAS.jpg\" class=\"prettyPhoto port_img_link\"><span class='img_link'><\/span><\/a><a href='https:\/\/nalataconsultoria.com.br\/index.php\/project\/single-cup\/' target='_self' class='port_post_link'><span class='post_link'><h2 class='fw_port_link'>LUCAS &#038; LUAN<\/h2><h3 class='fw_port_tag'>portf\u00d3lio <\/h3><\/span><\/a><div class=\"portfolio_desc\">\r\n\t\t<h2><a href=\"https:\/\/nalataconsultoria.com.br\/index.php\/project\/single-cup\/\" target=\"_self\">LUCAS &#038; LUAN<\/a><\/h2>\r\n\t\t<h3>portf\u00d3lio <\/h3>\r\n        <\/div>\r\n\t\t<\/div><!-- port_thumb_ctn END -->\r\n\t\t<\/div><!-- Filter img END -->\r\n\t\t<div class=\"port_item_details\"><a href=\"https:\/\/nalataconsultoria.com.br\/index.php\/project\/single-cup\/\" target=\"_self\"><h2>LUCAS &#038; LUAN<\/h2><\/a><h3>portf\u00d3lio <\/h3>\r\n\t\t<div class=\"item_details_info\"><div class=\"item_details_date\">9 de Janeiro de 2015<\/div><a href=\"#\" class=\"zilla-likes\" id=\"zilla-likes-2987\" title=\"Like this\"><span class=\"zilla-likes-count\">2<\/span> <span class=\"zilla-likes-postfix\"><\/span><\/a><\/div><div class=\"port_small_excerpt\"><p>Curabitur eleifend ex a iaculis pretium. Fixe a bateria em consequ\u00eancia. Integer elementum eu elit and volutpat. Etiam lorem massa, aliquet eget porttitor e, hendrerit id massa. Alecam alecam velec e est blandit.<\/p>\n<p><\/p><div class=\"port_project_buttons\"><a class=\"view-portfolio-item\" href=\"https:\/\/nalataconsultoria.com.br\/index.php\/project\/single-cup\/\" target=\"_self\">View More<\/a><\/div><\/div>\r\n\t\t<\/div><div class=\"portfolio_sub_info\"><div class=\"isotope_portfolio_name\">LUCAS &#038; LUAN<\/div><div class=\"isotope_portfolio_date\">2015-01-09<\/div><\/div><\/div><!-- element END -->\r\n\r\n                <\/div><!-- .portfolio_block -->\r\n\r\n                <div class=\"rd_clear\"><!-- ClearFix --><\/div><style type=\"text\/css\" >#randomy5phjzv4iga8fcr53zwk_port .navigation .pagination span,#randomy5phjzv4iga8fcr53zwk_port .navigation .pagination a{border:1px solid #ecf0f1; color:#a1b1bc; background:#ffffff;}#randomy5phjzv4iga8fcr53zwk_port .navigation .pagination .current,#randomy5phjzv4iga8fcr53zwk_port .navigation .pagination span:hover,#randomy5phjzv4iga8fcr53zwk_port .navigation .pagination a:hover{ color:#ffffff !important; background:#1abc9c; border:1px solid #1abc9c; }#randomy5phjzv4iga8fcr53zwk_port .navigation{border-top:1px solid #ecf0f1;}#randomy5phjzv4iga8fcr53zwk_port .pagination_current_position{color:#a1b1bc;}<\/style>\r\n     <div class=\"navigation\">\r\n\r\n        <div class='pagination'><span class='current'>1<\/span><a href='https:\/\/nalataconsultoria.com.br\/index.php\/wp-json\/wp\/v2\/pages\/6421\/page\/2\/' class='inactive' >2<\/a><a href='https:\/\/nalataconsultoria.com.br\/index.php\/wp-json\/wp\/v2\/pages\/6421\/page\/3\/' class='inactive' >3<\/a><\/div>\n<span class='pagination_current_position'>Page 1\/3<\/span>\r\n      <\/div>\r\n\t\t<\/div>  <script>\r\n\r\n\r\n\r\njQuery.noConflict();\r\njQuery(document).ready(function($){\r\n\"use strict\";\r\n            \r\n $(window).load(function(){\r\n\r\n\t$(\"#randomy5phjzv4iga8fcr53zwk_port .optionset li a\").each(function() {\r\n\r\n\t\t\t\t\t\t\t\tvar filter_class = $(this).attr('data-option-value');\r\n\t\t\t\t\t\t\t\t if ($('#randomy5phjzv4iga8fcr53zwk_port').find(filter_class).length){ \/\/ implies *not* zero\r\n\t\t\t\t\t\t\t\t$(this).parent('li').show();\r\n\t\t\t\t\t\t\t\t }else{\r\n\t\t\t\t\t\t\t\t$(this).parent('li').hide();\r\n\t\t\t\t\t\t\t\t }\r\n\r\n\r\n\t\t\t\t\t\t\t\t});\r\n\r\n                            $('#portfolio-tags').css('opacity','1');\r\nfunction watchport() {\r\n\r\n$(\"#randomy5phjzv4iga8fcr53zwk_port .portfolio_block\").isotope('layout');\r\n\t\t\t\r\n\t\t\t\r\n}\r\n\r\nsetInterval(watchport, 100);\r\n\r\n\r\n\r\n                });\r\n\r\n                });\r\n            <\/script>\r\n  [\/vc_column][\/vc_row]<\/p>\n","protected":false},"excerpt":{"rendered":"<p>Curabitur eleifend ex a iaculis pretium. Fixe a bateria em consequ\u00eancia. Integer elementum eu elit and volutpat. Etiam lorem massa, aliquet eget porttitor e, hendrerit id massa. Alecam alecam velec e est blandit.<\/p>\n","protected":false},"author":1,"featured_media":0,"parent":0,"menu_order":0,"comment_status":"closed","ping_status":"open","template":"","meta":{"footnotes":""},"class_list":["post-6421","page","type-page","status-publish","hentry"],"_links":{"self":[{"href":"https:\/\/nalataconsultoria.com.br\/index.php\/wp-json\/wp\/v2\/pages\/6421","targetHints":{"allow":["GET"]}}],"collection":[{"href":"https:\/\/nalataconsultoria.com.br\/index.php\/wp-json\/wp\/v2\/pages"}],"about":[{"href":"https:\/\/nalataconsultoria.com.br\/index.php\/wp-json\/wp\/v2\/types\/page"}],"author":[{"embeddable":true,"href":"https:\/\/nalataconsultoria.com.br\/index.php\/wp-json\/wp\/v2\/users\/1"}],"replies":[{"embeddable":true,"href":"https:\/\/nalataconsultoria.com.br\/index.php\/wp-json\/wp\/v2\/comments?post=6421"}],"version-history":[{"count":0,"href":"https:\/\/nalataconsultoria.com.br\/index.php\/wp-json\/wp\/v2\/pages\/6421\/revisions"}],"wp:attachment":[{"href":"https:\/\/nalataconsultoria.com.br\/index.php\/wp-json\/wp\/v2\/media?parent=6421"}],"curies":[{"name":"wp","href":"https:\/\/api.w.org\/{rel}","templated":true}]}}