{"id":6465,"date":"2015-02-27T14:59:15","date_gmt":"2015-02-27T06:59:15","guid":{"rendered":"http:\/\/www.rd-themes.com\/TheFox\/?page_id=6465"},"modified":"2015-02-27T14:59:15","modified_gmt":"2015-02-27T06:59:15","slug":"portfolio-space-classic-03","status":"publish","type":"page","link":"https:\/\/nalataconsultoria.com.br\/index.php\/portfolio-space-classic-03\/","title":{"rendered":"Portfolio Space Classic 03"},"content":{"rendered":"<p>[vc_row css=&#8221;.vc_custom_1425028269721{padding-bottom: 40px !important;}&#8221; parallax_background=&#8221;&#8221; video_background=&#8221;&#8221; overlay=&#8221;&#8221; overlay_color=&#8221;#ffffff&#8221; i_select=&#8221;&#8221; i_bg_color=&#8221;#ffffff&#8221; i_color=&#8221;#21c2f8&#8243; a_select=&#8221;&#8221; a_bg_color=&#8221;#ffffff&#8221;][vc_column width=&#8221;1\/1&#8243;]<script>jQuery.noConflict(); var $ = jQuery; <\/script><div id=\"randomi9o74pf3xbh7lepqg1xj_port\" class=\"portfolio\"><style type=\"text\/css\" >#randomi9o74pf3xbh7lepqg1xj_port .filter_type_7 #options .selected a,#randomi9o74pf3xbh7lepqg1xj_port .filter_type_7 .portfolio_sorts a,#randomi9o74pf3xbh7lepqg1xj_port .filter_type_7 .portfolio_sorts .is-checked{color:#1abc9c !important; }#randomi9o74pf3xbh7lepqg1xj_port .filter_type_7 .portfolio_sorts a,#randomi9o74pf3xbh7lepqg1xj_port .filter_type_7 #sorts{border:1px solid #ecf0f1;}#randomi9o74pf3xbh7lepqg1xj_port .filter_type_7{border-top:1px solid #ecf0f1; border-bottom:double 3px #ecf0f1;}#randomi9o74pf3xbh7lepqg1xj_port .filter_type_7 #options a{background:rgba(255,255,255,0);}#randomi9o74pf3xbh7lepqg1xj_port .filter_type_7 #sorts,#randomi9o74pf3xbh7lepqg1xj_port .filter_type_7 .portfolio_sorts a{background:#ffffff !important;}#randomi9o74pf3xbh7lepqg1xj_port .filter_type_7 #options a,#randomi9o74pf3xbh7lepqg1xj_port .filter_type_7 #sorts{color:#a1b1bc}<\/style><style type=\"text\/css\" >#randomi9o74pf3xbh7lepqg1xj_port .portfolio_desc{ position:absolute; bottom:10%; width:100%; height:40px; padding:0; border:none!important; background:none!important; text-align:center; z-index:3; opacity:0;}#randomi9o74pf3xbh7lepqg1xj_port .element:hover .portfolio_desc{opacity:1; bottom:50%;}#randomi9o74pf3xbh7lepqg1xj_port  .element:hover .img_link{left:4px;  opacity:1;}#randomi9o74pf3xbh7lepqg1xj_port  .element:hover .post_link{right:4px; opacity:1;}#randomi9o74pf3xbh7lepqg1xj_port .element:hover .port_overlay,.portfolio_desc:hover .port_overlay{ opacity:1; background: #21c4f0;  background: -moz-linear-gradient(left, #21c4f0 0%, #20d4ba 100%);  background: -webkit-gradient(linear, left top, right top, color-stop(0%,#21c4f0), color-stop(100%,#20d4ba)); background: -webkit-linear-gradient(left, #21c4f0 0%,#20d4ba 100%);  background: -o-linear-gradient(left, #21c4f0 0%,#20d4ba 100%); \/* Opera 11.10+ *\/ background: -ms-linear-gradient(left, #21c4f0 0%,#20d4ba 100%);  background: linear-gradient(to right, #21c4f0 0%,#20d4ba 100%);  filter: progid:DXImageTransform.Microsoft.gradient( startColorstr=\"#21c4f0\", endColorstr=\"#20d4ba\",GradientType=1 );  }#randomi9o74pf3xbh7lepqg1xj_port .portfolio_desc h2 a,#randomi9o74pf3xbh7lepqg1xj_port .portfolio_desc h3{color:#ffffff !important}#randomi9o74pf3xbh7lepqg1xj_port .portfolio_desc{margin-bottom:-55px;}.img_link,.post_link{margin-top:-55px;}<\/style>\r\n\t\t\t\t<div id=\"portfolio-tags\" class=\"filter_type_7\">\r\n\t\t\t\t<ul class=\"splitter\" id=\"options\"><li><ul class=\"optionset\" data-option-key=\"filter\"><li class=\"selected\"><a href=\"#filter\" data-option-value=\"*\">All<\/a>\r\n\t\t<\/li><li ><a href=\"#filter\" data-option-value=\".photography\" title=\"View all post filed under Cria\u00e7\u00e3o Logotipos\">Cria\u00e7\u00e3o Logotipos<\/a>\r\n                <\/li> <li ><a href=\"#filter\" data-option-value=\".portfolios\" title=\"View all post filed under PORTF\u00d3LIO\">PORTF\u00d3LIO<\/a>\r\n                <\/li><\/ul>      <\/li>        \t\t<li class=\"portfolio_sorts\"><a>Sort by<\/a><ul id=\"sorts\"  class=\"button-group\"><li data-sort-by=\"\">default<\/li><li data-sort-by=\"date\">date<\/li><li data-sort-by=\"name\">name<\/li><\/ul><\/li>\r\n\t\t\t<\/ul><\/div><div class=\"portfolio_block image-grid columns3 port_type_3 rd_hover_gradient thumbnail_type_1\" id=\"list\">\r\n\r\n                <\/div><!-- .portfolio_block -->\r\n\r\n                <div class=\"rd_clear\"><!-- ClearFix --><\/div><style type=\"text\/css\" >#randomi9o74pf3xbh7lepqg1xj_port .navigation .pagination span,#randomi9o74pf3xbh7lepqg1xj_port .navigation .pagination a{border:1px solid #ecf0f1; color:#a1b1bc; background:#ffffff;}#randomi9o74pf3xbh7lepqg1xj_port .navigation .pagination .current,#randomi9o74pf3xbh7lepqg1xj_port .navigation .pagination span:hover,#randomi9o74pf3xbh7lepqg1xj_port .navigation .pagination a:hover{ color:#ffffff !important; background:#1abc9c; border:1px solid #1abc9c; }#randomi9o74pf3xbh7lepqg1xj_port .navigation{border-top:1px solid #ecf0f1;}#randomi9o74pf3xbh7lepqg1xj_port .pagination_current_position{color:#a1b1bc;}<\/style><\/div>  <script>\r\n\r\n\r\n\r\njQuery.noConflict();\r\njQuery(document).ready(function($){\r\n\"use strict\";\r\n            \r\n $(window).load(function(){\r\n\r\n\t$(\"#randomi9o74pf3xbh7lepqg1xj_port .optionset li a\").each(function() {\r\n\r\n\t\t\t\t\t\t\t\tvar filter_class = $(this).attr('data-option-value');\r\n\t\t\t\t\t\t\t\t if ($('#randomi9o74pf3xbh7lepqg1xj_port').find(filter_class).length){ \/\/ implies *not* zero\r\n\t\t\t\t\t\t\t\t$(this).parent('li').show();\r\n\t\t\t\t\t\t\t\t }else{\r\n\t\t\t\t\t\t\t\t$(this).parent('li').hide();\r\n\t\t\t\t\t\t\t\t }\r\n\r\n\r\n\t\t\t\t\t\t\t\t});\r\n\r\n                            $('#portfolio-tags').css('opacity','1');\r\nfunction watchport() {\r\n\r\n$(\"#randomi9o74pf3xbh7lepqg1xj_port .portfolio_block\").isotope('layout');\r\n\t\t\t\r\n}\r\n\r\nsetInterval(watchport, 100);\r\n\r\n\r\n\r\n                });\r\n\r\n                });\r\n            <\/script>\r\n  [\/vc_column][\/vc_row][vc_row css=&#8221;.vc_custom_1417077919827{margin-bottom: 0px;padding-top: 138px;padding-bottom: 61px;background-image: url(http:\/\/www.rd-themes.com\/TheFox\/wp-content\/uploads\/2014\/11\/boxes_bg.jpg?id=1428);background-position: center;background-repeat: no-repeat;background-size: cover;}&#8221; type=&#8221;full-width-section&#8221;][vc_column width=&#8221;1\/3&#8243; css=&#8221;.vc_custom_1417077927259{padding-bottom: 30px;}&#8221;]<style type=\"text\/css\" >#rand_9kwy9xsws6ukirwrr4bz {margin-top:0px; margin-bottom:0px; }<\/style><style type=\"text\/css\" >#rand_9kwy9xsws6ukirwrr4bz:hover .simple_sub_circle{background:#2d3e50 !important;}#rand_9kwy9xsws6ukirwrr4bz:hover .icon_circle{background:#1abc9c !important; }#rand_9kwy9xsws6ukirwrr4bz:hover .box_btn{color:#2c3e50!important;}#rand_9kwy9xsws6ukirwrr4bz:hover h3{color:#1abc9c!important;}#rand_9kwy9xsws6ukirwrr4bz:hover {border-bottom:3px solid #1abc9c!important; padding:43px 30px 18px 30px!important;}<\/style> <style type='text\/css'> @font-face{font-family: 'elg'; src:url('https:\/\/nalataconsultoria.com.br\/wp-content\/themes\/thefox\/includes\/4k-icons\/icons\/4k-icons-pack02\/icons\/fonts\/elg.eot'); src:url('https:\/\/nalataconsultoria.com.br\/wp-content\/themes\/thefox\/includes\/4k-icons\/icons\/4k-icons-pack02\/icons\/fonts\/elg.eot?#iefix') format('embedded-opentype'), url('https:\/\/nalataconsultoria.com.br\/wp-content\/themes\/thefox\/includes\/4k-icons\/icons\/4k-icons-pack02\/icons\/fonts\/elg.woff') format('woff'), url('https:\/\/nalataconsultoria.com.br\/wp-content\/themes\/thefox\/includes\/4k-icons\/icons\/4k-icons-pack02\/icons\/fonts\/elg.ttf') format('truetype'), url('https:\/\/nalataconsultoria.com.br\/wp-content\/themes\/thefox\/includes\/4k-icons\/icons\/4k-icons-pack02\/icons\/fonts\/elg.svg#oi') format('svg'); font-weight: normal; font-style: normal;}#rand_9kwy9xsws6ukirwrr4bz .elg-icon_cogs:before{font-family: 'elg'; font-weight: normal; font-style: normal;}#rand_9kwy9xsws6ukirwrr4bz .elg-icon_cogs:before{content: \"\\e038\";}<\/style>\n<style type=\"text\/css\" >#rand_9kwy9xsws6ukirwrr4bz:hover {background:#ffffff !important; border:1px solid #ecf0f1 !important; color:!important; border-bottom:3px solid #1abc9c !important;}#rand_9kwy9xsws6ukirwrr4bz:hover .icon_circle{background:#1abc9c !important; border:1px solid #ecf0f1!important;}#rand_9kwy9xsws6ukirwrr4bz:hover .simple_sub_circle{background:#2d3e50 !important;}#rand_9kwy9xsws6ukirwrr4bz:hover h3{color:#2d3e50 !important;}#rand_9kwy9xsws6ukirwrr4bz:hover .box_btn{color:#2c3e50!important; }#rand_9kwy9xsws6ukirwrr4bz:hover p{ color:;}<\/style> <div id=\"rand_9kwy9xsws6ukirwrr4bz\" class=\"icon_box2_simple rda_flipInY\" style=\"background:#ffffff; border:1px solid #e7e7e7;\"><div class=\"icon_circle\" style=\"background-color:#ffffff; border:1px solid #e7e7e7;\"><div class=\"simple_sub_circle\" style=\"background:#1abc9c;\"><\/div><i class=\"elg-icon_cogs\" ><\/i><\/div><h3 style=\"color:#2c3e50;\">Easy To Customize<\/h3><p style=\"padding:10px 0 10px 0\">Praesent turpis mauris, aliquet id dolor<br \/>\nGravida adipiscing lectus ut rutrum<br \/>\nAenean at posuere risus.<\/p><a class=\"box_btn\" style=\"color:#1abc9c; background:none!important; border:none!important;\" href=\"\" target=\"_blank\">Read More<\/a><\/div>[\/vc_column][vc_column width=&#8221;1\/3&#8243; css=&#8221;.vc_custom_1417077933890{padding-bottom: 30px;}&#8221;]<style type=\"text\/css\" >#rand_arxy552ztve5ywp1zaf5 {margin-top:0px; margin-bottom:0px; }<\/style><style type=\"text\/css\" >#rand_arxy552ztve5ywp1zaf5:hover .simple_sub_circle{background:#2d3e50 !important;}#rand_arxy552ztve5ywp1zaf5:hover .icon_circle{background:#1abc9c !important; }#rand_arxy552ztve5ywp1zaf5:hover .box_btn{color:#2c3e50!important;}#rand_arxy552ztve5ywp1zaf5:hover h3{color:#1abc9c!important;}#rand_arxy552ztve5ywp1zaf5:hover {border-bottom:3px solid #1abc9c!important; padding:43px 30px 18px 30px!important;}<\/style> <style type='text\/css'> @font-face{font-family: 'elg'; src:url('https:\/\/nalataconsultoria.com.br\/wp-content\/themes\/thefox\/includes\/4k-icons\/icons\/4k-icons-pack02\/icons\/fonts\/elg.eot'); src:url('https:\/\/nalataconsultoria.com.br\/wp-content\/themes\/thefox\/includes\/4k-icons\/icons\/4k-icons-pack02\/icons\/fonts\/elg.eot?#iefix') format('embedded-opentype'), url('https:\/\/nalataconsultoria.com.br\/wp-content\/themes\/thefox\/includes\/4k-icons\/icons\/4k-icons-pack02\/icons\/fonts\/elg.woff') format('woff'), url('https:\/\/nalataconsultoria.com.br\/wp-content\/themes\/thefox\/includes\/4k-icons\/icons\/4k-icons-pack02\/icons\/fonts\/elg.ttf') format('truetype'), url('https:\/\/nalataconsultoria.com.br\/wp-content\/themes\/thefox\/includes\/4k-icons\/icons\/4k-icons-pack02\/icons\/fonts\/elg.svg#oi') format('svg'); font-weight: normal; font-style: normal;}#rand_arxy552ztve5ywp1zaf5 .elg-icon_lightbulb_alt:before{font-family: 'elg'; font-weight: normal; font-style: normal;}#rand_arxy552ztve5ywp1zaf5 .elg-icon_lightbulb_alt:before{content: \"\\e007\";}<\/style>\n<style type=\"text\/css\" >#rand_arxy552ztve5ywp1zaf5:hover {background:#ffffff !important; border:1px solid #ecf0f1 !important; color:!important; border-bottom:3px solid #1abc9c !important;}#rand_arxy552ztve5ywp1zaf5:hover .icon_circle{background:#1abc9c !important; border:1px solid #ecf0f1!important;}#rand_arxy552ztve5ywp1zaf5:hover .simple_sub_circle{background:#2d3e50 !important;}#rand_arxy552ztve5ywp1zaf5:hover h3{color:#2d3e50 !important;}#rand_arxy552ztve5ywp1zaf5:hover .box_btn{color:#2c3e50!important; }#rand_arxy552ztve5ywp1zaf5:hover p{ color:;}<\/style> <div id=\"rand_arxy552ztve5ywp1zaf5\" class=\"icon_box2_simple rda_flipInY\" style=\"background:#ffffff; border:1px solid #e7e7e7;\"><div class=\"icon_circle\" style=\"background-color:#ffffff; border:1px solid #e7e7e7;\"><div class=\"simple_sub_circle\" style=\"background:#1abc9c;\"><\/div><i class=\"elg-icon_lightbulb_alt\" ><\/i><\/div><h3 style=\"color:#2c3e50;\">Great Design Ideas<\/h3><p style=\"padding:10px 0 10px 0\">Praesent turpis mauris, aliquet id dolor<br \/>\nGravida adipiscing lectus ut rutrum<br \/>\nAenean at posuere risus.<\/p><a class=\"box_btn\" style=\"color:#1abc9c; background:none!important; border:none!important;\" href=\"\" target=\"_blank\">Read More<\/a><\/div>[\/vc_column][vc_column width=&#8221;1\/3&#8243; css=&#8221;.vc_custom_1417077940742{padding-bottom: 30px;}&#8221;]<style type=\"text\/css\" >#rand_lgd6xo0vrp53000aa1xb {margin-top:0px; margin-bottom:0px; }<\/style><style type=\"text\/css\" >#rand_lgd6xo0vrp53000aa1xb:hover .simple_sub_circle{background:#2d3e50 !important;}#rand_lgd6xo0vrp53000aa1xb:hover .icon_circle{background:#1abc9c !important; }#rand_lgd6xo0vrp53000aa1xb:hover .box_btn{color:#2c3e50!important;}#rand_lgd6xo0vrp53000aa1xb:hover h3{color:#1abc9c!important;}#rand_lgd6xo0vrp53000aa1xb:hover {border-bottom:3px solid #1abc9c!important; padding:43px 30px 18px 30px!important;}<\/style> <style type='text\/css'> @font-face{font-family: 'elg'; src:url('https:\/\/nalataconsultoria.com.br\/wp-content\/themes\/thefox\/includes\/4k-icons\/icons\/4k-icons-pack02\/icons\/fonts\/elg.eot'); src:url('https:\/\/nalataconsultoria.com.br\/wp-content\/themes\/thefox\/includes\/4k-icons\/icons\/4k-icons-pack02\/icons\/fonts\/elg.eot?#iefix') format('embedded-opentype'), url('https:\/\/nalataconsultoria.com.br\/wp-content\/themes\/thefox\/includes\/4k-icons\/icons\/4k-icons-pack02\/icons\/fonts\/elg.woff') format('woff'), url('https:\/\/nalataconsultoria.com.br\/wp-content\/themes\/thefox\/includes\/4k-icons\/icons\/4k-icons-pack02\/icons\/fonts\/elg.ttf') format('truetype'), url('https:\/\/nalataconsultoria.com.br\/wp-content\/themes\/thefox\/includes\/4k-icons\/icons\/4k-icons-pack02\/icons\/fonts\/elg.svg#oi') format('svg'); font-weight: normal; font-style: normal;}#rand_lgd6xo0vrp53000aa1xb .elg-icon_desktop:before{font-family: 'elg'; font-weight: normal; font-style: normal;}#rand_lgd6xo0vrp53000aa1xb .elg-icon_desktop:before{content: \"\\e00e\";}<\/style>\n<style type=\"text\/css\" >#rand_lgd6xo0vrp53000aa1xb:hover {background:#ffffff !important; border:1px solid #ecf0f1 !important; color:!important; border-bottom:3px solid #1abc9c !important;}#rand_lgd6xo0vrp53000aa1xb:hover .icon_circle{background:#1abc9c !important; border:1px solid #ecf0f1!important;}#rand_lgd6xo0vrp53000aa1xb:hover .simple_sub_circle{background:#2d3e50 !important;}#rand_lgd6xo0vrp53000aa1xb:hover h3{color:#2d3e50 !important;}#rand_lgd6xo0vrp53000aa1xb:hover .box_btn{color:#2c3e50!important; }#rand_lgd6xo0vrp53000aa1xb:hover p{ color:;}<\/style> <div id=\"rand_lgd6xo0vrp53000aa1xb\" class=\"icon_box2_simple rda_flipInY\" style=\"background:#ffffff; border:1px solid #e7e7e7;\"><div class=\"icon_circle\" style=\"background-color:#ffffff; border:1px solid #e7e7e7;\"><div class=\"simple_sub_circle\" style=\"background:#1abc9c;\"><\/div><i class=\"elg-icon_desktop\" ><\/i><\/div><h3 style=\"color:#2c3e50;\">Best For Responsive<\/h3><p style=\"padding:10px 0 10px 0\">Praesent turpis mauris, aliquet id dolor<br \/>\nGravida adipiscing lectus ut rutrum<br \/>\nAenean at posuere risus.<\/p><a class=\"box_btn\" style=\"color:#1abc9c; background:none!important; border:none!important;\" href=\"\" target=\"_blank\">Read More<\/a><\/div>[\/vc_column][\/vc_row][vc_row css=&#8221;.vc_custom_1420033115975{margin-bottom: 0px;padding-top: 29px;padding-bottom: 35px;}&#8221; i_bg_color=&#8221;#ffffff&#8221; i_color=&#8221;#21c2f8&#8243; a_select=&#8221;1&#8243; a_bg_color=&#8221;#ffffff&#8221;][vc_column width=&#8221;1\/1&#8243; animation=&#8221;rda_fadeInUp&#8221;][vc_custom_heading text=&#8221;There will be a lot of things are waiting for you. Don&#8217;t hesitate to ask us any questions&#8221; font_container=&#8221;tag:h2|font_size:24|text_align:center|color:%23a1b1bc&#8221; google_fonts=&#8221;font_family:Lato%3A100%2C100italic%2C300%2C300italic%2Cregular%2Citalic%2C700%2C700italic%2C900%2C900italic|font_style:300%20light%20regular%3A300%3Anormal&#8221; css=&#8221;.vc_custom_1422274099985{margin-bottom: 0px !important;}&#8221;][\/vc_column][\/vc_row]<\/p>\n","protected":false},"excerpt":{"rendered":"<p>[vc_row css=&#8221;.vc_custom_1425028269721{padding-bottom: 40px !important;}&#8221; parallax_background=&#8221;&#8221; video_background=&#8221;&#8221; overlay=&#8221;&#8221; overlay_color=&#8221;#ffffff&#8221; i_select=&#8221;&#8221; i_bg_color=&#8221;#ffffff&#8221; i_color=&#8221;#21c2f8&#8243; a_select=&#8221;&#8221; a_bg_color=&#8221;#ffffff&#8221;][vc_column width=&#8221;1\/1&#8243;] All Cria\u00e7\u00e3o Logotipos PORTF\u00d3LIO Sort bydefaultdatename [\/vc_column][\/vc_row][vc_row css=&#8221;.vc_custom_1417077919827{margin-bottom: 0px;padding-top: 138px;padding-bottom: 61px;background-image: url(http:\/\/www.rd-themes.com\/TheFox\/wp-content\/uploads\/2014\/11\/boxes_bg.jpg?id=1428);background-position: center;background-repeat: no-repeat;background-size: cover;}&#8221; type=&#8221;full-width-section&#8221;][vc_column width=&#8221;1\/3&#8243; css=&#8221;.vc_custom_1417077927259{padding-bottom: 30px;}&#8221;] Easy To CustomizePraesent turpis mauris, aliquet id dolor Gravida adipiscing lectus ut rutrum Aenean at posuere risus.Read More[\/vc_column][vc_column width=&#8221;1\/3&#8243; css=&#8221;.vc_custom_1417077933890{padding-bottom: 30px;}&#8221;] Great<br \/><a href=\"https:\/\/nalataconsultoria.com.br\/index.php\/portfolio-space-classic-03\/\" class=\"more\">Read more<\/a><\/p>\n","protected":false},"author":1,"featured_media":0,"parent":0,"menu_order":0,"comment_status":"closed","ping_status":"open","template":"","meta":{"footnotes":""},"class_list":["post-6465","page","type-page","status-publish","hentry"],"_links":{"self":[{"href":"https:\/\/nalataconsultoria.com.br\/index.php\/wp-json\/wp\/v2\/pages\/6465","targetHints":{"allow":["GET"]}}],"collection":[{"href":"https:\/\/nalataconsultoria.com.br\/index.php\/wp-json\/wp\/v2\/pages"}],"about":[{"href":"https:\/\/nalataconsultoria.com.br\/index.php\/wp-json\/wp\/v2\/types\/page"}],"author":[{"embeddable":true,"href":"https:\/\/nalataconsultoria.com.br\/index.php\/wp-json\/wp\/v2\/users\/1"}],"replies":[{"embeddable":true,"href":"https:\/\/nalataconsultoria.com.br\/index.php\/wp-json\/wp\/v2\/comments?post=6465"}],"version-history":[{"count":0,"href":"https:\/\/nalataconsultoria.com.br\/index.php\/wp-json\/wp\/v2\/pages\/6465\/revisions"}],"wp:attachment":[{"href":"https:\/\/nalataconsultoria.com.br\/index.php\/wp-json\/wp\/v2\/media?parent=6465"}],"curies":[{"name":"wp","href":"https:\/\/api.w.org\/{rel}","templated":true}]}}