{"id":6485,"date":"2015-02-27T15:33:36","date_gmt":"2015-02-27T07:33:36","guid":{"rendered":"http:\/\/www.rd-themes.com\/TheFox\/?page_id=6485"},"modified":"2015-02-27T15:33:36","modified_gmt":"2015-02-27T07:33:36","slug":"portfolio-space-classic-08-2","status":"publish","type":"page","link":"https:\/\/nalataconsultoria.com.br\/index.php\/portfolio-space-classic-08-2\/","title":{"rendered":"Portfolio Space Classic 08-2"},"content":{"rendered":"<p>[vc_row][vc_column width=&#8221;1\/1&#8243;]<script>jQuery.noConflict(); var $ = jQuery; <\/script><div id=\"randomnwy8t8qzww6mt81w997j_port\" class=\"portfolio\"><style type=\"text\/css\" >#randomnwy8t8qzww6mt81w997j_port .filter_type_7 #options .selected a,#randomnwy8t8qzww6mt81w997j_port .filter_type_7 .portfolio_sorts a,#randomnwy8t8qzww6mt81w997j_port .filter_type_7 .portfolio_sorts .is-checked{color:#1abc9c !important; }#randomnwy8t8qzww6mt81w997j_port .filter_type_7 .portfolio_sorts a,#randomnwy8t8qzww6mt81w997j_port .filter_type_7 #sorts{border:1px solid #ecf0f1;}#randomnwy8t8qzww6mt81w997j_port .filter_type_7{border-top:1px solid #ecf0f1; border-bottom:double 3px #ecf0f1;}#randomnwy8t8qzww6mt81w997j_port .filter_type_7 #options a{background:rgba(255,255,255,0);}#randomnwy8t8qzww6mt81w997j_port .filter_type_7 #sorts,#randomnwy8t8qzww6mt81w997j_port .filter_type_7 .portfolio_sorts a{background:#ffffff !important;}#randomnwy8t8qzww6mt81w997j_port .filter_type_7 #options a,#randomnwy8t8qzww6mt81w997j_port .filter_type_7 #sorts{color:#a1b1bc}<\/style><style type=\"text\/css\" >#randomnwy8t8qzww6mt81w997j_port figcaption h2{color:#2c3e50;}#randomnwy8t8qzww6mt81w997j_port figcaption p{color:#a1b1bc;}#randomnwy8t8qzww6mt81w997j_port .ico_link{background:#ffffff!important;}<\/style>\r\n\t\t\t\t<div id=\"portfolio-tags\" class=\"filter_type_7\">\r\n\t\t\t\t<ul class=\"splitter\" id=\"options\"><li><ul class=\"optionset\" data-option-key=\"filter\"><li class=\"selected\"><a href=\"#filter\" data-option-value=\"*\">All<\/a>\r\n\t\t<\/li><li ><a href=\"#filter\" data-option-value=\".photography\" title=\"View all post filed under Cria\u00e7\u00e3o Logotipos\">Cria\u00e7\u00e3o Logotipos<\/a>\r\n                <\/li> <li ><a href=\"#filter\" data-option-value=\".portfolios\" title=\"View all post filed under PORTF\u00d3LIO\">PORTF\u00d3LIO<\/a>\r\n                <\/li><\/ul>      <\/li>        \t\t<li class=\"portfolio_sorts\"><a>Sort by<\/a><ul id=\"sorts\"  class=\"button-group\"><li data-sort-by=\"\">default<\/li><li data-sort-by=\"date\">date<\/li><li data-sort-by=\"name\">name<\/li><\/ul><\/li>\r\n\t\t\t<\/ul><\/div><div class=\"portfolio_block image-grid columns4 port_type_3 rd_hover_goliath thumbnail_type_1\" id=\"list\">\r\n\r\n                <\/div><!-- .portfolio_block -->\r\n\r\n                <div class=\"rd_clear\"><!-- ClearFix --><\/div><style type=\"text\/css\" >#randomnwy8t8qzww6mt81w997j_port .navigation .pagination span,#randomnwy8t8qzww6mt81w997j_port .navigation .pagination a{border:1px solid #ecf0f1; color:#a1b1bc; background:#ffffff;}#randomnwy8t8qzww6mt81w997j_port .navigation .pagination .current,#randomnwy8t8qzww6mt81w997j_port .navigation .pagination span:hover,#randomnwy8t8qzww6mt81w997j_port .navigation .pagination a:hover{ color:#ffffff !important; background:#1abc9c; border:1px solid #1abc9c; }#randomnwy8t8qzww6mt81w997j_port .navigation{border-top:1px solid #ecf0f1;}#randomnwy8t8qzww6mt81w997j_port .pagination_current_position{color:#a1b1bc;}<\/style><\/div>  <script>\r\n\r\n\r\n\r\njQuery.noConflict();\r\njQuery(document).ready(function($){\r\n\"use strict\";\r\n            \r\n $(window).load(function(){\r\n\r\n\t$(\"#randomnwy8t8qzww6mt81w997j_port .optionset li a\").each(function() {\r\n\r\n\t\t\t\t\t\t\t\tvar filter_class = $(this).attr('data-option-value');\r\n\t\t\t\t\t\t\t\t if ($('#randomnwy8t8qzww6mt81w997j_port').find(filter_class).length){ \/\/ implies *not* zero\r\n\t\t\t\t\t\t\t\t$(this).parent('li').show();\r\n\t\t\t\t\t\t\t\t }else{\r\n\t\t\t\t\t\t\t\t$(this).parent('li').hide();\r\n\t\t\t\t\t\t\t\t }\r\n\r\n\r\n\t\t\t\t\t\t\t\t});\r\n\r\n                            $('#portfolio-tags').css('opacity','1');\r\nfunction watchport() {\r\n\r\n$(\"#randomnwy8t8qzww6mt81w997j_port .portfolio_block\").isotope('layout');\r\n\t\t\t\r\n}\r\n\r\nsetInterval(watchport, 100);\r\n\r\n\r\n\r\n                });\r\n\r\n                });\r\n            <\/script>\r\n  [\/vc_column][\/vc_row]<\/p>\n","protected":false},"excerpt":{"rendered":"<p>[vc_row][vc_column width=&#8221;1\/1&#8243;] All Cria\u00e7\u00e3o Logotipos PORTF\u00d3LIO Sort bydefaultdatename [\/vc_column][\/vc_row]<br \/><a href=\"https:\/\/nalataconsultoria.com.br\/index.php\/portfolio-space-classic-08-2\/\" class=\"more\">Read more<\/a><\/p>\n","protected":false},"author":1,"featured_media":0,"parent":0,"menu_order":0,"comment_status":"closed","ping_status":"open","template":"","meta":{"footnotes":""},"class_list":["post-6485","page","type-page","status-publish","hentry"],"_links":{"self":[{"href":"https:\/\/nalataconsultoria.com.br\/index.php\/wp-json\/wp\/v2\/pages\/6485","targetHints":{"allow":["GET"]}}],"collection":[{"href":"https:\/\/nalataconsultoria.com.br\/index.php\/wp-json\/wp\/v2\/pages"}],"about":[{"href":"https:\/\/nalataconsultoria.com.br\/index.php\/wp-json\/wp\/v2\/types\/page"}],"author":[{"embeddable":true,"href":"https:\/\/nalataconsultoria.com.br\/index.php\/wp-json\/wp\/v2\/users\/1"}],"replies":[{"embeddable":true,"href":"https:\/\/nalataconsultoria.com.br\/index.php\/wp-json\/wp\/v2\/comments?post=6485"}],"version-history":[{"count":0,"href":"https:\/\/nalataconsultoria.com.br\/index.php\/wp-json\/wp\/v2\/pages\/6485\/revisions"}],"wp:attachment":[{"href":"https:\/\/nalataconsultoria.com.br\/index.php\/wp-json\/wp\/v2\/media?parent=6485"}],"curies":[{"name":"wp","href":"https:\/\/api.w.org\/{rel}","templated":true}]}}